{"id":1373,"date":"2024-02-08T11:22:32","date_gmt":"2024-02-08T10:22:32","guid":{"rendered":"https:\/\/nordnorge.com\/de\/?page_id=1373"},"modified":"2025-09-01T13:11:14","modified_gmt":"2025-09-01T11:11:14","slug":"unsere-sozialen-kanaele-fuer-besucher","status":"publish","type":"page","link":"https:\/\/nordnorge.com\/de\/unsere-sozialen-kanaele-fuer-besucher\/","title":{"rendered":"Unsere sozialen Kan\u00e4le f\u00fcr Besucher"},"content":{"rendered":"\n\t\t<div class=\"wp-block-vnn-ingress\">\n\t\t\t<div class=\"vnn__ingress\">\n\t\t\t\tHier sind unsere drei wichtigsten Kan\u00e4le in den sozialen Medien (SoMe) f\u00fcr Besucher, die Nordnorwegen und Spitzbergen als attraktive Reiseziele von Weltklasse pr\u00e4sentieren (auf Englisch):\n\t\t\t<\/div>\n\t\t\t\n\t\t<\/div>\n\n\n<h2 class=\"wp-block-heading\" id=\"h-facebook\">Facebook<\/h2>\n\n\n<div class=\"wp-block-image\">\n<figure class=\"alignright size-full is-resized\"><a href=\"https:\/\/www.facebook.com\/NorthernNorway\" target=\"_blank\" rel=\"noreferrer noopener\"><img loading=\"lazy\" decoding=\"async\" src=\"https:\/\/nordnorge.com\/content\/uploads\/2024\/02\/Logo-Facebook.png\" alt=\"\" class=\"wp-image-25680\" width=\"86\" height=\"86\" srcset=\"https:\/\/nordnorge.com\/content\/uploads\/2024\/02\/Logo-Facebook.png 225w, https:\/\/nordnorge.com\/content\/uploads\/2024\/02\/Logo-Facebook-150x150.png 150w\" sizes=\"auto, (max-width: 86px) 100vw, 86px\" \/><\/a><\/figure><\/div>\n\n\n<p>Share your posts with the tag <strong>@northernnorway<\/strong>. Follow us, like, comment, share and\/or just enjoy our posts on our international <a href=\"https:\/\/www.facebook.com\/NorthernNorway\" target=\"_blank\" rel=\"noreferrer noopener\">facebook.com\/northernnorway<\/a>. <\/p>\n\n\n\n<h2 class=\"wp-block-heading\">Instagram<\/h2>\n\n\n<div class=\"wp-block-image\">\n<figure class=\"alignright size-full is-resized\"><a href=\"https:\/\/www.instagram.com\/northernnorway\/\" target=\"_blank\" rel=\"noreferrer noopener\"><img loading=\"lazy\" decoding=\"async\" src=\"https:\/\/nordnorge.com\/content\/uploads\/2024\/02\/Logo-Instagram.jpg\" alt=\"\" class=\"wp-image-25679\" width=\"87\" height=\"87\" srcset=\"https:\/\/nordnorge.com\/content\/uploads\/2024\/02\/Logo-Instagram.jpg 225w, https:\/\/nordnorge.com\/content\/uploads\/2024\/02\/Logo-Instagram-150x150.jpg 150w\" sizes=\"auto, (max-width: 87px) 100vw, 87px\" \/><\/a><\/figure><\/div>\n\n\n<p>Share your photos with the tag <strong>@northernnorway<\/strong>. Follow us, like, comment, share and\/or just enjoy our photos on our international<a href=\"https:\/\/www.instagram.com\/northernnorway\/\" target=\"_blank\" rel=\"noreferrer noopener\">instagram.com\/northernnorway<\/a>.<\/p>\n\n\n\n<h2 class=\"wp-block-heading\">YouTube<\/h2>\n\n\n<div class=\"wp-block-image\">\n<figure class=\"alignright size-full is-resized\"><a href=\"https:\/\/www.youtube.com\/@VisitNorthernNorway\" target=\"_blank\" rel=\"noreferrer noopener\"><img loading=\"lazy\" decoding=\"async\" src=\"https:\/\/nordnorge.com\/content\/uploads\/2024\/02\/Logo-YouTube-2.png\" alt=\"\" class=\"wp-image-25682\" width=\"88\" height=\"88\" srcset=\"https:\/\/nordnorge.com\/content\/uploads\/2024\/02\/Logo-YouTube-2.png 153w, https:\/\/nordnorge.com\/content\/uploads\/2024\/02\/Logo-YouTube-2-150x150.png 150w\" sizes=\"auto, (max-width: 88px) 100vw, 88px\" \/><\/a><\/figure><\/div>\n\n\n<p>Share your posts with the tag @visitnorthernnorway. Follow us, like, comment and\/or just enjoy the movies on our video channel <a href=\"https:\/\/www.youtube.com\/VisitNorthernNorway\" target=\"_blank\" rel=\"noreferrer noopener\">youtube.com\/visitnorthernnorway<\/a>. <\/p>\n","protected":false},"excerpt":{"rendered":"<p>Facebook Share your posts with the tag @northernnorway. Follow us, like, comment, share and\/or just enjoy our posts on our international facebook.com\/northernnorway. Instagram Share your photos with the tag @northernnorway. Follow us, like, comment, share and\/or just enjoy our photos on our internationalinstagram.com\/northernnorway. YouTube Share your posts with the tag @visitnorthernnorway. Follow us, like, comment [&hellip;]<\/p>\n","protected":false},"author":13,"featured_media":0,"parent":0,"menu_order":0,"comment_status":"closed","ping_status":"closed","template":"","meta":{"_searchwp_excluded":"","vnn_header_layout":"","vnn_header_layout_image_id":0,"vnn_header_layout_image_focal_point_x":0,"vnn_header_layout_image_focal_point_y":0,"vnn_header_layout_description":"","vnn_header_layout_url":"","vnn_header_layout_url_text":"","vnn_header_layout_photographer":"","vnn_header_layout_video_id":"","vnn_header_layout_yt_id":"","vnn_header_layout_vimeo_id":"","teft_location_geodata_lat":0,"teft_location_geodata_lng":0,"footnotes":""},"class_list":["post-1373","page","type-page","status-publish","hentry"],"yoast_head":"<!-- This site is optimized with the Yoast SEO Premium plugin v24.5 (Yoast SEO v25.3.1) - https:\/\/yoast.com\/wordpress\/plugins\/seo\/ -->\n<title>Unsere sozialen Kan\u00e4le f\u00fcr Besucher - Nord-Norge - Deutsch<\/title>\n<meta name=\"description\" content=\"Unsere sozialen Medien f\u00fcr Besucher, \u00fcber Nordnorwegen und Spitzbergen als Weltklasse-Reiseziele, auf Facebook, Instagram und YouTube\" \/>\n<meta name=\"robots\" content=\"index, follow, max-snippet:-1, max-image-preview:large, max-video-preview:-1\" \/>\n<link rel=\"canonical\" href=\"https:\/\/nordnorge.com\/de\/unsere-sozialen-kanaele-fuer-besucher\/\" \/>\n<meta property=\"og:locale\" content=\"de_DE\" \/>\n<meta property=\"og:type\" content=\"article\" \/>\n<meta property=\"og:title\" content=\"Unsere sozialen Kan\u00e4le f\u00fcr Besucher\" \/>\n<meta property=\"og:description\" content=\"Unsere sozialen Medien f\u00fcr Besucher, \u00fcber Nordnorwegen und Spitzbergen als Weltklasse-Reiseziele, auf Facebook, Instagram und YouTube\" \/>\n<meta property=\"og:url\" content=\"https:\/\/nordnorge.com\/de\/unsere-sozialen-kanaele-fuer-besucher\/\" \/>\n<meta property=\"og:site_name\" content=\"Nord-Norge - Deutsch\" \/>\n<meta property=\"article:modified_time\" content=\"2025-09-01T11:11:14+00:00\" \/>\n<meta property=\"og:image\" content=\"https:\/\/nordnorge.com\/content\/uploads\/2024\/02\/Logo-Facebook.png\" \/>\n<meta name=\"twitter:card\" content=\"summary_large_image\" \/>\n<meta name=\"twitter:label1\" content=\"Gesch\u00e4tzte Lesezeit\" \/>\n\t<meta name=\"twitter:data1\" content=\"2\u00a0Minuten\" \/>\n<script type=\"application\/ld+json\" class=\"yoast-schema-graph\">{\"@context\":\"https:\/\/schema.org\",\"@graph\":[{\"@type\":\"WebPage\",\"@id\":\"https:\/\/nordnorge.com\/de\/unsere-sozialen-kanaele-fuer-besucher\/\",\"url\":\"https:\/\/nordnorge.com\/de\/unsere-sozialen-kanaele-fuer-besucher\/\",\"name\":\"Unsere sozialen Kan\u00e4le f\u00fcr Besucher - Nord-Norge - Deutsch\",\"isPartOf\":{\"@id\":\"https:\/\/nordnorge.com\/de\/#website\"},\"primaryImageOfPage\":{\"@id\":\"https:\/\/nordnorge.com\/de\/unsere-sozialen-kanaele-fuer-besucher\/#primaryimage\"},\"image\":{\"@id\":\"https:\/\/nordnorge.com\/de\/unsere-sozialen-kanaele-fuer-besucher\/#primaryimage\"},\"thumbnailUrl\":\"https:\/\/nordnorge.com\/content\/uploads\/2024\/02\/Logo-Facebook.png\",\"datePublished\":\"2024-02-08T10:22:32+00:00\",\"dateModified\":\"2025-09-01T11:11:14+00:00\",\"description\":\"Unsere sozialen Medien f\u00fcr Besucher, \u00fcber Nordnorwegen und Spitzbergen als Weltklasse-Reiseziele, auf Facebook, Instagram und YouTube\",\"breadcrumb\":{\"@id\":\"https:\/\/nordnorge.com\/de\/unsere-sozialen-kanaele-fuer-besucher\/#breadcrumb\"},\"inLanguage\":\"de\",\"potentialAction\":[{\"@type\":\"ReadAction\",\"target\":[\"https:\/\/nordnorge.com\/de\/unsere-sozialen-kanaele-fuer-besucher\/\"]}]},{\"@type\":\"ImageObject\",\"inLanguage\":\"de\",\"@id\":\"https:\/\/nordnorge.com\/de\/unsere-sozialen-kanaele-fuer-besucher\/#primaryimage\",\"url\":\"https:\/\/nordnorge.com\/content\/uploads\/2024\/02\/Logo-Facebook.png\",\"contentUrl\":\"https:\/\/nordnorge.com\/content\/uploads\/2024\/02\/Logo-Facebook.png\"},{\"@type\":\"BreadcrumbList\",\"@id\":\"https:\/\/nordnorge.com\/de\/unsere-sozialen-kanaele-fuer-besucher\/#breadcrumb\",\"itemListElement\":[{\"@type\":\"ListItem\",\"position\":1,\"name\":\"Home\",\"item\":\"https:\/\/nordnorge.com\/de\/\"},{\"@type\":\"ListItem\",\"position\":2,\"name\":\"Unsere sozialen Kan\u00e4le f\u00fcr Besucher\"}]},{\"@type\":\"WebSite\",\"@id\":\"https:\/\/nordnorge.com\/de\/#website\",\"url\":\"https:\/\/nordnorge.com\/de\/\",\"name\":\"Nord-Norge - Deutsch\",\"description\":\"\",\"publisher\":{\"@id\":\"https:\/\/nordnorge.com\/de\/#organization\"},\"potentialAction\":[{\"@type\":\"SearchAction\",\"target\":{\"@type\":\"EntryPoint\",\"urlTemplate\":\"https:\/\/nordnorge.com\/de\/?s={search_term_string}\"},\"query-input\":{\"@type\":\"PropertyValueSpecification\",\"valueRequired\":true,\"valueName\":\"search_term_string\"}}],\"inLanguage\":\"de\"},{\"@type\":\"Organization\",\"@id\":\"https:\/\/nordnorge.com\/de\/#organization\",\"name\":\"Nord-Norge - Deutsch\",\"url\":\"https:\/\/nordnorge.com\/de\/\",\"logo\":{\"@type\":\"ImageObject\",\"inLanguage\":\"de\",\"@id\":\"https:\/\/nordnorge.com\/de\/#\/schema\/logo\/image\/\",\"url\":\"https:\/\/nordnorge.com\/content\/uploads\/2020\/01\/cropped-logo_en-3.png\",\"contentUrl\":\"https:\/\/nordnorge.com\/content\/uploads\/2020\/01\/cropped-logo_en-3.png\",\"caption\":\"Nord-Norge - Deutsch\"},\"image\":{\"@id\":\"https:\/\/nordnorge.com\/de\/#\/schema\/logo\/image\/\"}}]}<\/script>\n<!-- \/ Yoast SEO Premium plugin. -->","yoast_head_json":{"title":"Unsere sozialen Kan\u00e4le f\u00fcr Besucher - Nord-Norge - Deutsch","description":"Unsere sozialen Medien f\u00fcr Besucher, \u00fcber Nordnorwegen und Spitzbergen als Weltklasse-Reiseziele, auf Facebook, Instagram und YouTube","robots":{"index":"index","follow":"follow","max-snippet":"max-snippet:-1","max-image-preview":"max-image-preview:large","max-video-preview":"max-video-preview:-1"},"canonical":"https:\/\/nordnorge.com\/de\/unsere-sozialen-kanaele-fuer-besucher\/","og_locale":"de_DE","og_type":"article","og_title":"Unsere sozialen Kan\u00e4le f\u00fcr Besucher","og_description":"Unsere sozialen Medien f\u00fcr Besucher, \u00fcber Nordnorwegen und Spitzbergen als Weltklasse-Reiseziele, auf Facebook, Instagram und YouTube","og_url":"https:\/\/nordnorge.com\/de\/unsere-sozialen-kanaele-fuer-besucher\/","og_site_name":"Nord-Norge - Deutsch","article_modified_time":"2025-09-01T11:11:14+00:00","og_image":[{"url":"https:\/\/nordnorge.com\/content\/uploads\/2024\/02\/Logo-Facebook.png","type":"","width":"","height":""}],"twitter_card":"summary_large_image","twitter_misc":{"Gesch\u00e4tzte Lesezeit":"2\u00a0Minuten"},"schema":{"@context":"https:\/\/schema.org","@graph":[{"@type":"WebPage","@id":"https:\/\/nordnorge.com\/de\/unsere-sozialen-kanaele-fuer-besucher\/","url":"https:\/\/nordnorge.com\/de\/unsere-sozialen-kanaele-fuer-besucher\/","name":"Unsere sozialen Kan\u00e4le f\u00fcr Besucher - Nord-Norge - Deutsch","isPartOf":{"@id":"https:\/\/nordnorge.com\/de\/#website"},"primaryImageOfPage":{"@id":"https:\/\/nordnorge.com\/de\/unsere-sozialen-kanaele-fuer-besucher\/#primaryimage"},"image":{"@id":"https:\/\/nordnorge.com\/de\/unsere-sozialen-kanaele-fuer-besucher\/#primaryimage"},"thumbnailUrl":"https:\/\/nordnorge.com\/content\/uploads\/2024\/02\/Logo-Facebook.png","datePublished":"2024-02-08T10:22:32+00:00","dateModified":"2025-09-01T11:11:14+00:00","description":"Unsere sozialen Medien f\u00fcr Besucher, \u00fcber Nordnorwegen und Spitzbergen als Weltklasse-Reiseziele, auf Facebook, Instagram und YouTube","breadcrumb":{"@id":"https:\/\/nordnorge.com\/de\/unsere-sozialen-kanaele-fuer-besucher\/#breadcrumb"},"inLanguage":"de","potentialAction":[{"@type":"ReadAction","target":["https:\/\/nordnorge.com\/de\/unsere-sozialen-kanaele-fuer-besucher\/"]}]},{"@type":"ImageObject","inLanguage":"de","@id":"https:\/\/nordnorge.com\/de\/unsere-sozialen-kanaele-fuer-besucher\/#primaryimage","url":"https:\/\/nordnorge.com\/content\/uploads\/2024\/02\/Logo-Facebook.png","contentUrl":"https:\/\/nordnorge.com\/content\/uploads\/2024\/02\/Logo-Facebook.png"},{"@type":"BreadcrumbList","@id":"https:\/\/nordnorge.com\/de\/unsere-sozialen-kanaele-fuer-besucher\/#breadcrumb","itemListElement":[{"@type":"ListItem","position":1,"name":"Home","item":"https:\/\/nordnorge.com\/de\/"},{"@type":"ListItem","position":2,"name":"Unsere sozialen Kan\u00e4le f\u00fcr Besucher"}]},{"@type":"WebSite","@id":"https:\/\/nordnorge.com\/de\/#website","url":"https:\/\/nordnorge.com\/de\/","name":"Nord-Norge - Deutsch","description":"","publisher":{"@id":"https:\/\/nordnorge.com\/de\/#organization"},"potentialAction":[{"@type":"SearchAction","target":{"@type":"EntryPoint","urlTemplate":"https:\/\/nordnorge.com\/de\/?s={search_term_string}"},"query-input":{"@type":"PropertyValueSpecification","valueRequired":true,"valueName":"search_term_string"}}],"inLanguage":"de"},{"@type":"Organization","@id":"https:\/\/nordnorge.com\/de\/#organization","name":"Nord-Norge - Deutsch","url":"https:\/\/nordnorge.com\/de\/","logo":{"@type":"ImageObject","inLanguage":"de","@id":"https:\/\/nordnorge.com\/de\/#\/schema\/logo\/image\/","url":"https:\/\/nordnorge.com\/content\/uploads\/2020\/01\/cropped-logo_en-3.png","contentUrl":"https:\/\/nordnorge.com\/content\/uploads\/2020\/01\/cropped-logo_en-3.png","caption":"Nord-Norge - Deutsch"},"image":{"@id":"https:\/\/nordnorge.com\/de\/#\/schema\/logo\/image\/"}}]}},"_links":{"self":[{"href":"https:\/\/nordnorge.com\/de\/wp-json\/wp\/v2\/pages\/1373","targetHints":{"allow":["GET"]}}],"collection":[{"href":"https:\/\/nordnorge.com\/de\/wp-json\/wp\/v2\/pages"}],"about":[{"href":"https:\/\/nordnorge.com\/de\/wp-json\/wp\/v2\/types\/page"}],"author":[{"embeddable":true,"href":"https:\/\/nordnorge.com\/de\/wp-json\/wp\/v2\/users\/13"}],"replies":[{"embeddable":true,"href":"https:\/\/nordnorge.com\/de\/wp-json\/wp\/v2\/comments?post=1373"}],"version-history":[{"count":3,"href":"https:\/\/nordnorge.com\/de\/wp-json\/wp\/v2\/pages\/1373\/revisions"}],"predecessor-version":[{"id":2071,"href":"https:\/\/nordnorge.com\/de\/wp-json\/wp\/v2\/pages\/1373\/revisions\/2071"}],"wp:attachment":[{"href":"https:\/\/nordnorge.com\/de\/wp-json\/wp\/v2\/media?parent=1373"}],"curies":[{"name":"wp","href":"https:\/\/api.w.org\/{rel}","templated":true}]}}