{"id":1376,"date":"2024-02-08T11:33:44","date_gmt":"2024-02-08T10:33:44","guid":{"rendered":"https:\/\/nordnorge.com\/de\/?page_id=1376"},"modified":"2026-02-12T16:01:32","modified_gmt":"2026-02-12T15:01:32","slug":"unsere-branchenkanale-und-medientools","status":"publish","type":"page","link":"https:\/\/nordnorge.com\/de\/unsere-branchenkanale-und-medientools\/","title":{"rendered":"Unsere Branchenkan\u00e4le und Medientools"},"content":{"rendered":"\n\t\t<div class=\"wp-block-vnn-ingress\">\n\t\t\t<div class=\"vnn__ingress\">\n\t\t\t\tHier sind sechs n\u00fctzliche Tools und digitale Plattformen f\u00fcr Sie und Ihr Unternehmen in der Reise- und Erlebnisbranche (auf Englisch):\n\t\t\t<\/div>\n\t\t\t\n\t\t<\/div>\n\n\n<h2 class=\"wp-block-heading\" id=\"h-ilag-online-community-for-the-northern-tourism\">iLag &#8211; online community for the northern tourism<\/h2>\n\n\n<div class=\"wp-block-image\">\n<figure class=\"alignright size-large is-resized\"><a href=\"https:\/\/ilag.nordnorge.com\/\" target=\"_blank\" rel=\"noreferrer noopener\"><img loading=\"lazy\" decoding=\"async\" width=\"1024\" height=\"557\" src=\"https:\/\/nordnorge.com\/content\/uploads\/2024\/02\/Logo-ilag-NordNorsk-Reiseliv-1024x557.jpg\" alt=\"\" class=\"wp-image-25662\" style=\"width:341px;height:185px\" srcset=\"https:\/\/nordnorge.com\/content\/uploads\/2024\/02\/Logo-ilag-NordNorsk-Reiseliv-1024x557.jpg 1024w, https:\/\/nordnorge.com\/content\/uploads\/2024\/02\/Logo-ilag-NordNorsk-Reiseliv-300x163.jpg 300w, https:\/\/nordnorge.com\/content\/uploads\/2024\/02\/Logo-ilag-NordNorsk-Reiseliv-768x418.jpg 768w, https:\/\/nordnorge.com\/content\/uploads\/2024\/02\/Logo-ilag-NordNorsk-Reiseliv.jpg 1169w\" sizes=\"auto, (max-width: 1024px) 100vw, 1024px\" \/><\/a><\/figure><\/div>\n\n\n<p>Common platform for partners of the travel industry &#8211; for communication and sharing enlightning content with each other (<em>in Norwegian<\/em>). Read <strong>exciting news and important knowledge<\/strong> for your business at <a href=\"https:\/\/ilag.nordnorge.com\/\" target=\"_blank\" rel=\"noreferrer noopener\">ilag.nordnorge.com<\/a>.<\/p>\n\n\n\n<h2 class=\"wp-block-heading\" id=\"h-facebook-business-page-for-the-northern-tourism\">Facebook &#8211; business page for the northern tourism<\/h2>\n\n\n<div class=\"wp-block-image\">\n<figure class=\"alignright size-full is-resized\"><a href=\"https:\/\/www.facebook.com\/NordNorskReiseliv\" target=\"_blank\" rel=\"noreferrer noopener\"><img loading=\"lazy\" decoding=\"async\" width=\"898\" height=\"518\" src=\"https:\/\/nordnorge.com\/content\/uploads\/2024\/02\/Facebook-profil-NordNorsk-Reiseliv-2.jpg\" alt=\"\" class=\"wp-image-25672\" style=\"width:341px;height:196px\" srcset=\"https:\/\/nordnorge.com\/content\/uploads\/2024\/02\/Facebook-profil-NordNorsk-Reiseliv-2.jpg 898w, https:\/\/nordnorge.com\/content\/uploads\/2024\/02\/Facebook-profil-NordNorsk-Reiseliv-2-300x173.jpg 300w, https:\/\/nordnorge.com\/content\/uploads\/2024\/02\/Facebook-profil-NordNorsk-Reiseliv-2-768x443.jpg 768w\" sizes=\"auto, (max-width: 898px) 100vw, 898px\" \/><\/a><\/figure><\/div>\n\n\n<p>Follow us, comment and share our posts on our joint business page (<em>in Norwegian<\/em>) at <a href=\"https:\/\/www.facebook.com\/NordNorskReiseliv\" target=\"_blank\" rel=\"noreferrer noopener\">facebook.com\/nordnorskreiseliv<\/a>. Share your posts with the tag @nordnorskreiseliv.<\/p>\n\n\n\n<h2 class=\"wp-block-heading\">TravelTrade &#8211; online community for international business<\/h2>\n\n\n<div class=\"wp-block-image\">\n<figure class=\"alignright size-full is-resized\"><a href=\"https:\/\/traveltrade.nordnorge.com\/\" target=\"_blank\" rel=\"noreferrer noopener\"><img loading=\"lazy\" decoding=\"async\" width=\"712\" height=\"351\" src=\"https:\/\/nordnorge.com\/content\/uploads\/2024\/02\/Logo-TravelTrade-Northern-Norway-3.jpg\" alt=\"\" class=\"wp-image-25656\" style=\"width:345px;height:170px\" srcset=\"https:\/\/nordnorge.com\/content\/uploads\/2024\/02\/Logo-TravelTrade-Northern-Norway-3.jpg 712w, https:\/\/nordnorge.com\/content\/uploads\/2024\/02\/Logo-TravelTrade-Northern-Norway-3-300x148.jpg 300w\" sizes=\"auto, (max-width: 712px) 100vw, 712px\" \/><\/a><\/figure><\/div>\n\n\n<p>Our common platform for joint ventures between foreign operators and Northern Norwegian companies with export ambitions (<em>in English<\/em>). Make your connection to the <strong>Northern Norwegian experiences and international B2B initiatives<\/strong> at <a href=\"https:\/\/traveltrade.nordnorge.com\/\" target=\"_blank\" rel=\"noreferrer noopener\">traveltrade.nordnorge.com<\/a> (this site is under construction).<\/p>\n\n\n\n<h2 class=\"wp-block-heading\">LinkedIn &#8211; platform for Travel Trade insight and communication<\/h2>\n\n\n<div class=\"wp-block-image\">\n<figure class=\"alignright size-large is-resized\"><a href=\"https:\/\/www.linkedin.com\/company\/nordnorsk-reiseliv-as\" target=\"_blank\" rel=\"noreferrer noopener\"><img loading=\"lazy\" decoding=\"async\" width=\"1024\" height=\"492\" src=\"https:\/\/nordnorge.com\/content\/uploads\/2024\/02\/LinkedIn-profil-NordNorsk-Reiseliv-AS-2-1024x492.jpg\" alt=\"\" class=\"wp-image-25670\" style=\"width:346px;height:166px\" srcset=\"https:\/\/nordnorge.com\/content\/uploads\/2024\/02\/LinkedIn-profil-NordNorsk-Reiseliv-AS-2-1024x492.jpg 1024w, https:\/\/nordnorge.com\/content\/uploads\/2024\/02\/LinkedIn-profil-NordNorsk-Reiseliv-AS-2-300x144.jpg 300w, https:\/\/nordnorge.com\/content\/uploads\/2024\/02\/LinkedIn-profil-NordNorsk-Reiseliv-AS-2-768x369.jpg 768w, https:\/\/nordnorge.com\/content\/uploads\/2024\/02\/LinkedIn-profil-NordNorsk-Reiseliv-AS-2.jpg 1256w\" sizes=\"auto, (max-width: 1024px) 100vw, 1024px\" \/><\/a><\/figure><\/div>\n\n\n<p>Visit our company profile and get to know our Travel Trade \/ B2B insight and activities (<em>in English<\/em>), especially aimed at the foreign markets at <a href=\"https:\/\/www.linkedin.com\/company\/northern-norway-tourist-board\">linkedin.com\/company\/northern-norway-tourist-board<\/a>. <\/p>\n\n\n\n<h2 class=\"wp-block-heading\" id=\"h-cision-newsroom-for-press-material\">Cision &#8211; newsroom for press material<\/h2>\n\n\n<div class=\"wp-block-image\">\n<figure class=\"alignright size-large is-resized\"><a href=\"https:\/\/www.mynewsdesk.com\/northern-norway\" target=\"_blank\" rel=\"noreferrer noopener\"><img loading=\"lazy\" decoding=\"async\" width=\"1024\" height=\"516\" src=\"https:\/\/nordnorge.com\/content\/uploads\/2024\/02\/Nyhetsrom-MyNewsDesk-1-1024x516.png\" alt=\"\" class=\"wp-image-25668\" style=\"width:345px;height:173px\" srcset=\"https:\/\/nordnorge.com\/content\/uploads\/2024\/02\/Nyhetsrom-MyNewsDesk-1-1024x516.png 1024w, https:\/\/nordnorge.com\/content\/uploads\/2024\/02\/Nyhetsrom-MyNewsDesk-1-300x151.png 300w, https:\/\/nordnorge.com\/content\/uploads\/2024\/02\/Nyhetsrom-MyNewsDesk-1-768x387.png 768w, https:\/\/nordnorge.com\/content\/uploads\/2024\/02\/Nyhetsrom-MyNewsDesk-1-1536x774.png 1536w, https:\/\/nordnorge.com\/content\/uploads\/2024\/02\/Nyhetsrom-MyNewsDesk-1.png 1682w\" sizes=\"auto, (max-width: 1024px) 100vw, 1024px\" \/><\/a><\/figure><\/div>\n\n\n<p>This is a collection of press material with content for the press and media (<em>in English<\/em>). Find journalists relevant to your content. Visit our newsroom for Northern Norway and Svalbard at <a href=\"https:\/\/news.cision.com\/northern-norway-tourist-board\">news.cision.com\/northern-norway-tourist-board<\/a>.<\/p>\n\n\n\n<h2 class=\"wp-block-heading\" id=\"h-mediabank-free-photo-and-film-for-profiling\">Mediabank &#8211; free photo and film for profiling<\/h2>\n\n\n<div class=\"wp-block-image\">\n<figure class=\"alignright size-full is-resized\"><a href=\"https:\/\/media.nordnorge.com\/Target-groups\" target=\"_blank\" rel=\"noreferrer noopener\"><img loading=\"lazy\" decoding=\"async\" width=\"409\" height=\"190\" src=\"https:\/\/nordnorge.com\/content\/uploads\/2024\/02\/Logo-Mediabank-Northern-Norway.jpg\" alt=\"\" class=\"wp-image-25648\" style=\"width:345px;height:161px\" srcset=\"https:\/\/nordnorge.com\/content\/uploads\/2024\/02\/Logo-Mediabank-Northern-Norway.jpg 409w, https:\/\/nordnorge.com\/content\/uploads\/2024\/02\/Logo-Mediabank-Northern-Norway-300x139.jpg 300w\" sizes=\"auto, (max-width: 409px) 100vw, 409px\" \/><\/a><\/figure><\/div>\n\n\n<p>Our common mediabank is a collaboration between NordNorsk Reiseliv AS and most destination companies, municipalities and organisations (<em>in English<\/em>). Download <strong>photos and films for profiling the country and marketing your experiences <\/strong>from our international <a href=\"https:\/\/media.nordnorge.com\/Target-groups\" target=\"_blank\" rel=\"noreferrer noopener\">media.nordnorge.com<\/a>.<\/p>\n","protected":false},"excerpt":{"rendered":"<p>iLag &#8211; online community for the northern tourism Common platform for partners of the travel industry &#8211; for communication and sharing enlightning content with each other (in Norwegian). Read exciting news and important knowledge for your business at ilag.nordnorge.com. Facebook &#8211; business page for the northern tourism Follow us, comment and share our posts on [&hellip;]<\/p>\n","protected":false},"author":13,"featured_media":0,"parent":0,"menu_order":0,"comment_status":"closed","ping_status":"closed","template":"","meta":{"_searchwp_excluded":"","vnn_header_layout":"","vnn_header_layout_image_id":0,"vnn_header_layout_image_focal_point_x":0,"vnn_header_layout_image_focal_point_y":0,"vnn_header_layout_description":"","vnn_header_layout_url":"","vnn_header_layout_url_text":"","vnn_header_layout_photographer":"","vnn_header_layout_video_id":"","vnn_header_layout_yt_id":"","vnn_header_layout_vimeo_id":"","teft_location_geodata_lat":0,"teft_location_geodata_lng":0,"footnotes":""},"class_list":["post-1376","page","type-page","status-publish","hentry"],"yoast_head":"<!-- This site is optimized with the Yoast SEO Premium plugin v24.5 (Yoast SEO v25.3.1) - https:\/\/yoast.com\/wordpress\/plugins\/seo\/ -->\n<title>Unsere Branchenkan\u00e4le und Medientools - Nord-Norge - Deutsch<\/title>\n<meta name=\"description\" content=\"N\u00fctzliche Tools und gemeinsame Plattformen f\u00fcr Ihr Unternehmen; iLag, TravelTrade, Facebook-Branchenseite, LinkedIn, MyNewsDesk und Mediabank\" \/>\n<meta name=\"robots\" content=\"index, follow, max-snippet:-1, max-image-preview:large, max-video-preview:-1\" \/>\n<link rel=\"canonical\" href=\"https:\/\/nordnorge.com\/de\/unsere-branchenkanale-und-medientools\/\" \/>\n<meta property=\"og:locale\" content=\"de_DE\" \/>\n<meta property=\"og:type\" content=\"article\" \/>\n<meta property=\"og:title\" content=\"Unsere Branchenkan\u00e4le und Medientools\" \/>\n<meta property=\"og:description\" content=\"N\u00fctzliche Tools und gemeinsame Plattformen f\u00fcr Ihr Unternehmen; iLag, TravelTrade, Facebook-Branchenseite, LinkedIn, MyNewsDesk und Mediabank\" \/>\n<meta property=\"og:url\" content=\"https:\/\/nordnorge.com\/de\/unsere-branchenkanale-und-medientools\/\" \/>\n<meta property=\"og:site_name\" content=\"Nord-Norge - Deutsch\" \/>\n<meta property=\"article:modified_time\" content=\"2026-02-12T15:01:32+00:00\" \/>\n<meta name=\"twitter:card\" content=\"summary_large_image\" \/>\n<meta name=\"twitter:label1\" content=\"Gesch\u00e4tzte Lesezeit\" \/>\n\t<meta name=\"twitter:data1\" content=\"3\u00a0Minuten\" \/>\n<script type=\"application\/ld+json\" class=\"yoast-schema-graph\">{\"@context\":\"https:\/\/schema.org\",\"@graph\":[{\"@type\":\"WebPage\",\"@id\":\"https:\/\/nordnorge.com\/de\/unsere-branchenkanale-und-medientools\/\",\"url\":\"https:\/\/nordnorge.com\/de\/unsere-branchenkanale-und-medientools\/\",\"name\":\"Unsere Branchenkan\u00e4le und Medientools - Nord-Norge - Deutsch\",\"isPartOf\":{\"@id\":\"https:\/\/nordnorge.com\/de\/#website\"},\"primaryImageOfPage\":{\"@id\":\"https:\/\/nordnorge.com\/de\/unsere-branchenkanale-und-medientools\/#primaryimage\"},\"image\":{\"@id\":\"https:\/\/nordnorge.com\/de\/unsere-branchenkanale-und-medientools\/#primaryimage\"},\"thumbnailUrl\":\"https:\/\/nordnorge.com\/content\/uploads\/2024\/02\/Logo-ilag-NordNorsk-Reiseliv-1024x557.jpg\",\"datePublished\":\"2024-02-08T10:33:44+00:00\",\"dateModified\":\"2026-02-12T15:01:32+00:00\",\"description\":\"N\u00fctzliche Tools und gemeinsame Plattformen f\u00fcr Ihr Unternehmen; iLag, TravelTrade, Facebook-Branchenseite, LinkedIn, MyNewsDesk und Mediabank\",\"breadcrumb\":{\"@id\":\"https:\/\/nordnorge.com\/de\/unsere-branchenkanale-und-medientools\/#breadcrumb\"},\"inLanguage\":\"de\",\"potentialAction\":[{\"@type\":\"ReadAction\",\"target\":[\"https:\/\/nordnorge.com\/de\/unsere-branchenkanale-und-medientools\/\"]}]},{\"@type\":\"ImageObject\",\"inLanguage\":\"de\",\"@id\":\"https:\/\/nordnorge.com\/de\/unsere-branchenkanale-und-medientools\/#primaryimage\",\"url\":\"https:\/\/nordnorge.com\/content\/uploads\/2024\/02\/Logo-ilag-NordNorsk-Reiseliv-1024x557.jpg\",\"contentUrl\":\"https:\/\/nordnorge.com\/content\/uploads\/2024\/02\/Logo-ilag-NordNorsk-Reiseliv-1024x557.jpg\"},{\"@type\":\"BreadcrumbList\",\"@id\":\"https:\/\/nordnorge.com\/de\/unsere-branchenkanale-und-medientools\/#breadcrumb\",\"itemListElement\":[{\"@type\":\"ListItem\",\"position\":1,\"name\":\"Home\",\"item\":\"https:\/\/nordnorge.com\/de\/\"},{\"@type\":\"ListItem\",\"position\":2,\"name\":\"Unsere Branchenkan\u00e4le und Medientools\"}]},{\"@type\":\"WebSite\",\"@id\":\"https:\/\/nordnorge.com\/de\/#website\",\"url\":\"https:\/\/nordnorge.com\/de\/\",\"name\":\"Nord-Norge - Deutsch\",\"description\":\"\",\"publisher\":{\"@id\":\"https:\/\/nordnorge.com\/de\/#organization\"},\"potentialAction\":[{\"@type\":\"SearchAction\",\"target\":{\"@type\":\"EntryPoint\",\"urlTemplate\":\"https:\/\/nordnorge.com\/de\/?s={search_term_string}\"},\"query-input\":{\"@type\":\"PropertyValueSpecification\",\"valueRequired\":true,\"valueName\":\"search_term_string\"}}],\"inLanguage\":\"de\"},{\"@type\":\"Organization\",\"@id\":\"https:\/\/nordnorge.com\/de\/#organization\",\"name\":\"Nord-Norge - Deutsch\",\"url\":\"https:\/\/nordnorge.com\/de\/\",\"logo\":{\"@type\":\"ImageObject\",\"inLanguage\":\"de\",\"@id\":\"https:\/\/nordnorge.com\/de\/#\/schema\/logo\/image\/\",\"url\":\"https:\/\/nordnorge.com\/content\/uploads\/2020\/01\/cropped-logo_en-3.png\",\"contentUrl\":\"https:\/\/nordnorge.com\/content\/uploads\/2020\/01\/cropped-logo_en-3.png\",\"caption\":\"Nord-Norge - Deutsch\"},\"image\":{\"@id\":\"https:\/\/nordnorge.com\/de\/#\/schema\/logo\/image\/\"}}]}<\/script>\n<!-- \/ Yoast SEO Premium plugin. -->","yoast_head_json":{"title":"Unsere Branchenkan\u00e4le und Medientools - Nord-Norge - Deutsch","description":"N\u00fctzliche Tools und gemeinsame Plattformen f\u00fcr Ihr Unternehmen; iLag, TravelTrade, Facebook-Branchenseite, LinkedIn, MyNewsDesk und Mediabank","robots":{"index":"index","follow":"follow","max-snippet":"max-snippet:-1","max-image-preview":"max-image-preview:large","max-video-preview":"max-video-preview:-1"},"canonical":"https:\/\/nordnorge.com\/de\/unsere-branchenkanale-und-medientools\/","og_locale":"de_DE","og_type":"article","og_title":"Unsere Branchenkan\u00e4le und Medientools","og_description":"N\u00fctzliche Tools und gemeinsame Plattformen f\u00fcr Ihr Unternehmen; iLag, TravelTrade, Facebook-Branchenseite, LinkedIn, MyNewsDesk und Mediabank","og_url":"https:\/\/nordnorge.com\/de\/unsere-branchenkanale-und-medientools\/","og_site_name":"Nord-Norge - Deutsch","article_modified_time":"2026-02-12T15:01:32+00:00","twitter_card":"summary_large_image","twitter_misc":{"Gesch\u00e4tzte Lesezeit":"3\u00a0Minuten"},"schema":{"@context":"https:\/\/schema.org","@graph":[{"@type":"WebPage","@id":"https:\/\/nordnorge.com\/de\/unsere-branchenkanale-und-medientools\/","url":"https:\/\/nordnorge.com\/de\/unsere-branchenkanale-und-medientools\/","name":"Unsere Branchenkan\u00e4le und Medientools - Nord-Norge - Deutsch","isPartOf":{"@id":"https:\/\/nordnorge.com\/de\/#website"},"primaryImageOfPage":{"@id":"https:\/\/nordnorge.com\/de\/unsere-branchenkanale-und-medientools\/#primaryimage"},"image":{"@id":"https:\/\/nordnorge.com\/de\/unsere-branchenkanale-und-medientools\/#primaryimage"},"thumbnailUrl":"https:\/\/nordnorge.com\/content\/uploads\/2024\/02\/Logo-ilag-NordNorsk-Reiseliv-1024x557.jpg","datePublished":"2024-02-08T10:33:44+00:00","dateModified":"2026-02-12T15:01:32+00:00","description":"N\u00fctzliche Tools und gemeinsame Plattformen f\u00fcr Ihr Unternehmen; iLag, TravelTrade, Facebook-Branchenseite, LinkedIn, MyNewsDesk und Mediabank","breadcrumb":{"@id":"https:\/\/nordnorge.com\/de\/unsere-branchenkanale-und-medientools\/#breadcrumb"},"inLanguage":"de","potentialAction":[{"@type":"ReadAction","target":["https:\/\/nordnorge.com\/de\/unsere-branchenkanale-und-medientools\/"]}]},{"@type":"ImageObject","inLanguage":"de","@id":"https:\/\/nordnorge.com\/de\/unsere-branchenkanale-und-medientools\/#primaryimage","url":"https:\/\/nordnorge.com\/content\/uploads\/2024\/02\/Logo-ilag-NordNorsk-Reiseliv-1024x557.jpg","contentUrl":"https:\/\/nordnorge.com\/content\/uploads\/2024\/02\/Logo-ilag-NordNorsk-Reiseliv-1024x557.jpg"},{"@type":"BreadcrumbList","@id":"https:\/\/nordnorge.com\/de\/unsere-branchenkanale-und-medientools\/#breadcrumb","itemListElement":[{"@type":"ListItem","position":1,"name":"Home","item":"https:\/\/nordnorge.com\/de\/"},{"@type":"ListItem","position":2,"name":"Unsere Branchenkan\u00e4le und Medientools"}]},{"@type":"WebSite","@id":"https:\/\/nordnorge.com\/de\/#website","url":"https:\/\/nordnorge.com\/de\/","name":"Nord-Norge - Deutsch","description":"","publisher":{"@id":"https:\/\/nordnorge.com\/de\/#organization"},"potentialAction":[{"@type":"SearchAction","target":{"@type":"EntryPoint","urlTemplate":"https:\/\/nordnorge.com\/de\/?s={search_term_string}"},"query-input":{"@type":"PropertyValueSpecification","valueRequired":true,"valueName":"search_term_string"}}],"inLanguage":"de"},{"@type":"Organization","@id":"https:\/\/nordnorge.com\/de\/#organization","name":"Nord-Norge - Deutsch","url":"https:\/\/nordnorge.com\/de\/","logo":{"@type":"ImageObject","inLanguage":"de","@id":"https:\/\/nordnorge.com\/de\/#\/schema\/logo\/image\/","url":"https:\/\/nordnorge.com\/content\/uploads\/2020\/01\/cropped-logo_en-3.png","contentUrl":"https:\/\/nordnorge.com\/content\/uploads\/2020\/01\/cropped-logo_en-3.png","caption":"Nord-Norge - Deutsch"},"image":{"@id":"https:\/\/nordnorge.com\/de\/#\/schema\/logo\/image\/"}}]}},"_links":{"self":[{"href":"https:\/\/nordnorge.com\/de\/wp-json\/wp\/v2\/pages\/1376","targetHints":{"allow":["GET"]}}],"collection":[{"href":"https:\/\/nordnorge.com\/de\/wp-json\/wp\/v2\/pages"}],"about":[{"href":"https:\/\/nordnorge.com\/de\/wp-json\/wp\/v2\/types\/page"}],"author":[{"embeddable":true,"href":"https:\/\/nordnorge.com\/de\/wp-json\/wp\/v2\/users\/13"}],"replies":[{"embeddable":true,"href":"https:\/\/nordnorge.com\/de\/wp-json\/wp\/v2\/comments?post=1376"}],"version-history":[{"count":4,"href":"https:\/\/nordnorge.com\/de\/wp-json\/wp\/v2\/pages\/1376\/revisions"}],"predecessor-version":[{"id":2505,"href":"https:\/\/nordnorge.com\/de\/wp-json\/wp\/v2\/pages\/1376\/revisions\/2505"}],"wp:attachment":[{"href":"https:\/\/nordnorge.com\/de\/wp-json\/wp\/v2\/media?parent=1376"}],"curies":[{"name":"wp","href":"https:\/\/api.w.org\/{rel}","templated":true}]}}