{"id":18,"date":"2023-11-03T15:31:20","date_gmt":"2023-11-03T14:31:20","guid":{"rendered":"https:\/\/nordnorge.com\/de\/?page_id=18"},"modified":"2025-09-01T13:11:37","modified_gmt":"2025-09-01T11:11:37","slug":"sehen-und-erleben","status":"publish","type":"page","link":"https:\/\/nordnorge.com\/de\/sehen-und-erleben\/","title":{"rendered":"Sehen und erleben"},"content":{"rendered":"\n\t\t<div class=\"wp-block-vnn-ingress\">\n\t\t\t<div class=\"vnn__ingress\">\n\t\t\t\tDas n\u00f6rdliche Norwegen bietet Erlebnisse der Weltklasse. Viele davon sind immer noch lokale Geheimnisse, die nur darauf warten, von Ihnen entdeckt zu werden\n\t\t\t<\/div>\n\t\t\t\n\t\t<\/div>\n\n\n<figure class=\"wp-block-image alignwide size-large\"><img loading=\"lazy\" decoding=\"async\" width=\"1024\" height=\"576\" src=\"https:\/\/nordnorge.com\/content\/uploads\/2023\/03\/005807_Roger-Johansen_www.nordnorge.com-bredde-1024x576.jpg\" alt=\"\" class=\"wp-image-22592\" srcset=\"https:\/\/nordnorge.com\/content\/uploads\/2023\/03\/005807_Roger-Johansen_www.nordnorge.com-bredde-1024x576.jpg 1024w, https:\/\/nordnorge.com\/content\/uploads\/2023\/03\/005807_Roger-Johansen_www.nordnorge.com-bredde-300x169.jpg 300w, https:\/\/nordnorge.com\/content\/uploads\/2023\/03\/005807_Roger-Johansen_www.nordnorge.com-bredde-768x432.jpg 768w, https:\/\/nordnorge.com\/content\/uploads\/2023\/03\/005807_Roger-Johansen_www.nordnorge.com-bredde-1536x864.jpg 1536w, https:\/\/nordnorge.com\/content\/uploads\/2023\/03\/005807_Roger-Johansen_www.nordnorge.com-bredde-2048x1152.jpg 2048w\" sizes=\"auto, (max-width: 1024px) 100vw, 1024px\" \/><figcaption class=\"wp-element-caption\">Meereskajakfahren, Kulturerbe- und Naturerlebnisse in einem Abenteuer. Foto: Roger Johansen \/ Kjerring\u00f8y \/ nordnorge.com<\/figcaption><\/figure>\n\n\n\n<h2 class=\"wp-block-heading\" id=\"h-was-m-chten-sie-sehen-und-tun\">Was m\u00f6chten Sie sehen und tun?<\/h2>\n\n\n\n<p>W\u00e4hlen Sie Ihre Erlebnisse und Aktivit\u00e4ten, Gebiete, Jahreszeiten und Einrichtungen, wie Sie m\u00f6chten. Gute Reise!<\/p>\n\n\n<div class=\"wp-block-group alignfull\"><div class=\"wp-block-group__inner-container is-layout-flow wp-block-group-is-layout-flow\">\n<h2 class=\"has-text-align-center wp-block-heading\" id=\"h-outdoor-erlebnisse-aktivit-ten\">Outdoor-Erlebnisse &amp; Aktivit\u00e4ten<\/h2>\n\n<p class=\"has-text-align-center\">Nordnorwegen ist einfach perfekt f\u00fcr Naturliebhaber, Anf\u00e4nger, Naturkenner und Expeditionsteilnehmer. Hier ist nur ein kleiner \u00dcberblick \u00fcber Outdoor-Erlebnisse und Aktivit\u00e4ten f\u00fcr fast alle Niveaus, egal ob es um Erfahrung, Wissen, Bed\u00fcrfnisse oder H\u00f6he geht:<\/p>\n<\/div><\/div>\n\n\n<h2 class=\"wp-block-heading\" id=\"h-\"><\/h2>\n\n\n\n<figure class=\"wp-block-embed dekode-gtm-iframe-preview is-type-video is-provider-youtube wp-block-embed-youtube wp-embed-aspect-16-9 wp-has-aspect-ratio\"><div class=\"wp-block-embed__wrapper\">\n<iframe title=\"Arktische Verbindungen | Folge 3: Sportliche Verbindungen (Bod\u00f82024)\" width=\"500\" height=\"281\" data-cookieconsent=\"marketing\" data-cookieblock-src=\"https:\/\/www.youtube.com\/embed\/2p7_WozdnFo?feature=oembed\" frameborder=\"0\" allow=\"accelerometer; autoplay; clipboard-write; encrypted-media; gyroscope; picture-in-picture; web-share\" referrerpolicy=\"strict-origin-when-cross-origin\" allowfullscreen><\/iframe>\n\t\t<div class=\"cookieconsent-optout-marketing dekode-gtm-cookie-consent-video-placeholder\">\n\t\t\t<div class=\"dekode-gtm-cookie-consent is-block-core-embed is-provider-youtube\">\n\t\t\t\t\n\t\t\t<img decoding=\"async\" src=\"https:\/\/i.ytimg.com\/vi\/2p7_WozdnFo\/hqdefault.jpg\" alt=\"youtube\" \/>\n\t\t\t\t<div class=\"overlay\">\n\t\t\t\t\t<div class=\"cookie-info\">\n\t\t\t\t\t\t<p class=\"iframe-preview-text\">Dieser Inhalt (Film) wird von YouTube (einer Drittanbieter-Website) geladen. Sie m\u00fcssen Statistik- und Marketing-Cookies akzeptieren, um ihn ansehen zu k\u00f6nnen.<\/p>\n\t\t\t\t\t\t<p>\n\t\t\t\t\t\t\t<a title=\"Zustimmung erneuern\" class=\"dekode-gtm-cookiebot-renew\" href=\"#\">Zustimmung erneuern<\/a>\n\t\t\t\t\t\t\t\n\t\t\t\t\t\t<\/p>\n\t\t\t\t\t<\/div>\n\t\t\t\t<\/div>\n\t\t\t<\/div>\n\t\t<\/div>\n<\/div><figcaption class=\"wp-element-caption\">Die Journalistin und Autorin Alva Gehrmann reist im Rahmen des Videoblogs \u201eArktische Verbindungen\u201c f\u00fcrs Goethe-Institut durch Nordnorwegen. <a href=\"https:\/\/www.goethe.de\/ins\/no\/de\/kul\/sup\/arb.htm\" target=\"_blank\" rel=\"noreferrer noopener\">https:\/\/www.goethe.de\/ins\/no\/de\/kul\/sup\/arb.htm<\/a>l.<\/figcaption><\/figure>\n\n\n<div class=\"wp-block-group alignfull\"><div class=\"wp-block-group__inner-container is-layout-flow wp-block-group-is-layout-flow\">\n<h2 class=\"has-text-align-center wp-block-heading\" id=\"h-cultur-geschichtserlebnisse\">Cultur- &amp; Geschichtserlebnisse<\/h2>\n\n<p class=\"has-text-align-center\">Das moderne Kulturleben in Nordnorwegen entspringt den Menschen im Norden, unserem kulturellen Erbe und lokalen Traditionen. Anpassungen an eine sich ver\u00e4ndernde Natur und Jahreszeiten pr\u00e4gen noch heute die Lebensweise der Ureinwohner und Norweger. Hier ist ein kleiner \u00dcberblick \u00fcber Kultur und Geschichte, die Sie bei uns erleben k\u00f6nnen:<\/p>\n<div class=\"t2-featured-content-layout alignwide alignwide wp-block-t2-featured-content-layout\" role=\"list\"><div class=\"t2-featured-single-post t2-featured-content is-post-type-artikler season-fruehling season-herbst season-sommer season-winter region-bodo region-helgeland region-lofoten region-narvik region-vesteralen malgrupper-culture-lover malgrupper-culture-seekers malgrupper-culture-specialist malgrupper-heritage-explorer malgrupper-local-insider malgrupper-modernist wp-block-t2-featured-single-post t2-featured-content-layout-col-4\" role=\"listitem\">\n\t\t<div class=\"default-card wp-block-t2-wrapper\">\n<a class=\"t2-post-link wp-block-t2-post-link\" href=\"https:\/\/nordnorge.com\/de\/artikkel\/bodo-2024-kulturhauptstadt-europas\/\">\n<div class=\"t2-post-dynamic-part is-source-filter filter-default_card wp-block-t2-post-dynamic-part\">\n\t\t<figure style=\"--t2-focal-point: 50% 50%;\" class=\"t2-post-featured-image has-image-ratio-16-9 wp-block-t2-post-dynamic-part\"><img loading=\"lazy\" decoding=\"async\" width=\"768\" height=\"512\" src=\"https:\/\/nordnorge.com\/content\/uploads\/2023\/12\/Bodo2024_Foto_Dan_Mariner_16-768x512.jpg\" class=\"attachment-medium_large size-medium_large\" alt=\"\" \/><\/figure>\n\t\t<div class=\"card-content\">\n\t\t\t\n\t\t\t<div class=\"card-region\">\n\t\t\t\tBod\u00f8\n\t\t\t<\/div>\n\t\t\t<h2>Bod\u00f8 2024 &#8211; Kulturhauptstadt Europas<\/h2>\n\t\t\t\n\t\t<\/div><\/div>\n<\/a>\n<\/div>\n<\/div><\/div><\/div><\/div>\n\n\n<h2 class=\"has-text-align-center wp-block-heading\" id=\"h-w-hlen-sie-ihr-erlebnis-aus-dem-untenstehenden-men\">W\u00e4hlen Sie Ihr Erlebnis aus dem untenstehenden Men\u00fc<\/h2>\n\n\n\n<ul class=\"wp-block-list\">\n<li>Sie k\u00f6nnen die Art der Erlebnisse &amp; Aktivit\u00e4ten, Gebiete (Reiseziele \/ Destinationen), Jahreszeiten und Einrichtungen ausw\u00e4hlen, nach denen Sie suchen.<\/li>\n\n\n\n<li>Dr\u00fccken Sie die Pfeile unten, treffen Sie Ihre Auswahl und erhalten Sie eine Liste von Inhalten, die genau das enthalten, woran Sie interessiert sind. Die Liste wird automatisch aktualisiert, wenn Sie die K\u00e4stchen ankreuzen.<\/li>\n\n\n\n<li>Durch Dr\u00fccken der kleineren Pfeile unter Sehen und Tun (Erlebnisse) erscheinen noch spezifischere Auswahlm\u00f6glichkeiten von Erlebnissen.<\/li>\n<\/ul>\n\n\n\n\n<div class=\"alignfull vnn-hero wp-block-vnn-hero\">\n\t\t\t<div class=\"wp-block-vnn-hero__media\" style=\"background-image: url(https:\/\/nordnorge.com\/content\/uploads\/2024\/02\/Alva-Gerhmann-videoblog-Achirtche-Verbindungen.png);background-position: 50% 50%;\"><\/div>\n\t\t\t<div class=\"wp-block-vnn-hero__gradient\"><\/div>\n\t\t\t<div class=\"wp-block-vnn-hero__inner-container\">\n\t\t\t\t\n<h2 class=\"wp-block-heading\" id=\"h-arktische-verbindungen\">Arktische verbindungen <\/h2>\n\n<div class=\"wp-block-buttons is-layout-flex wp-block-buttons-is-layout-flex\">\n<div class=\"wp-block-button\"><a class=\"wp-block-button__link wp-element-button\" href=\"https:\/\/www.goethe.de\/ins\/no\/de\/kul\/sup\/arb.html\" target=\"_blank\" rel=\"noreferrer noopener\"><br>Videoblog aus der Kulturhauptstadt Bod\u00f8 von Alva Gehrmann<\/a><\/div>\n<\/div>\n\n\t\t\t<\/div>\n\t\t<\/div>","protected":false},"excerpt":{"rendered":"<p>Was m\u00f6chten Sie sehen und tun? W\u00e4hlen Sie Ihre Erlebnisse und Aktivit\u00e4ten, Gebiete, Jahreszeiten und Einrichtungen, wie Sie m\u00f6chten. Gute Reise! Outdoor-Erlebnisse &amp; Aktivit\u00e4ten Nordnorwegen ist einfach perfekt f\u00fcr Naturliebhaber, Anf\u00e4nger, Naturkenner und Expeditionsteilnehmer. Hier ist nur ein kleiner \u00dcberblick \u00fcber Outdoor-Erlebnisse und Aktivit\u00e4ten f\u00fcr fast alle Niveaus, egal ob es um Erfahrung, Wissen, Bed\u00fcrfnisse [&hellip;]<\/p>\n","protected":false},"author":1,"featured_media":0,"parent":0,"menu_order":0,"comment_status":"closed","ping_status":"closed","template":"","meta":{"_searchwp_excluded":"","vnn_header_layout":"","vnn_header_layout_image_id":0,"vnn_header_layout_image_focal_point_x":0,"vnn_header_layout_image_focal_point_y":0,"vnn_header_layout_description":"","vnn_header_layout_url":"","vnn_header_layout_url_text":"","vnn_header_layout_photographer":"","vnn_header_layout_video_id":"","vnn_header_layout_yt_id":"","vnn_header_layout_vimeo_id":"","teft_location_geodata_lat":0,"teft_location_geodata_lng":0,"footnotes":""},"class_list":["post-18","page","type-page","status-publish","hentry"],"yoast_head":"<!-- This site is optimized with the Yoast SEO Premium plugin v24.5 (Yoast SEO v25.3.1) - https:\/\/yoast.com\/wordpress\/plugins\/seo\/ -->\n<title>Sehen und erleben - Nord-Norge - Deutsch<\/title>\n<meta name=\"description\" content=\"Nordnorwegen bietet erstklassige Natur- und Kulturerlebnisse. Viele von ihnen sind immer noch lokale Geheimnisse\" \/>\n<meta name=\"robots\" content=\"index, follow, max-snippet:-1, max-image-preview:large, max-video-preview:-1\" \/>\n<link rel=\"canonical\" href=\"https:\/\/nordnorge.com\/de\/sehen-und-erleben\/\" \/>\n<meta property=\"og:locale\" content=\"de_DE\" \/>\n<meta property=\"og:type\" content=\"article\" \/>\n<meta property=\"og:title\" content=\"Sehen und erleben\" \/>\n<meta property=\"og:description\" content=\"Nordnorwegen bietet erstklassige Natur- und Kulturerlebnisse. Viele von ihnen sind immer noch lokale Geheimnisse\" \/>\n<meta property=\"og:url\" content=\"https:\/\/nordnorge.com\/de\/sehen-und-erleben\/\" \/>\n<meta property=\"og:site_name\" content=\"Nord-Norge - Deutsch\" \/>\n<meta property=\"article:modified_time\" content=\"2025-09-01T11:11:37+00:00\" \/>\n<meta property=\"og:image\" content=\"https:\/\/nordnorge.com\/content\/uploads\/2023\/03\/005807_Roger-Johansen_www.nordnorge.com-bredde-1024x576.jpg\" \/>\n<meta name=\"twitter:card\" content=\"summary_large_image\" \/>\n<meta name=\"twitter:label1\" content=\"Gesch\u00e4tzte Lesezeit\" \/>\n\t<meta name=\"twitter:data1\" content=\"2\u00a0Minuten\" \/>\n<script type=\"application\/ld+json\" class=\"yoast-schema-graph\">{\"@context\":\"https:\/\/schema.org\",\"@graph\":[{\"@type\":\"WebPage\",\"@id\":\"https:\/\/nordnorge.com\/de\/sehen-und-erleben\/\",\"url\":\"https:\/\/nordnorge.com\/de\/sehen-und-erleben\/\",\"name\":\"Sehen und erleben - Nord-Norge - Deutsch\",\"isPartOf\":{\"@id\":\"https:\/\/nordnorge.com\/de\/#website\"},\"primaryImageOfPage\":{\"@id\":\"https:\/\/nordnorge.com\/de\/sehen-und-erleben\/#primaryimage\"},\"image\":{\"@id\":\"https:\/\/nordnorge.com\/de\/sehen-und-erleben\/#primaryimage\"},\"thumbnailUrl\":\"https:\/\/nordnorge.com\/content\/uploads\/2023\/03\/005807_Roger-Johansen_www.nordnorge.com-bredde-1024x576.jpg\",\"datePublished\":\"2023-11-03T14:31:20+00:00\",\"dateModified\":\"2025-09-01T11:11:37+00:00\",\"description\":\"Nordnorwegen bietet erstklassige Natur- und Kulturerlebnisse. Viele von ihnen sind immer noch lokale Geheimnisse\",\"breadcrumb\":{\"@id\":\"https:\/\/nordnorge.com\/de\/sehen-und-erleben\/#breadcrumb\"},\"inLanguage\":\"de\",\"potentialAction\":[{\"@type\":\"ReadAction\",\"target\":[\"https:\/\/nordnorge.com\/de\/sehen-und-erleben\/\"]}]},{\"@type\":\"ImageObject\",\"inLanguage\":\"de\",\"@id\":\"https:\/\/nordnorge.com\/de\/sehen-und-erleben\/#primaryimage\",\"url\":\"https:\/\/nordnorge.com\/content\/uploads\/2023\/03\/005807_Roger-Johansen_www.nordnorge.com-bredde-1024x576.jpg\",\"contentUrl\":\"https:\/\/nordnorge.com\/content\/uploads\/2023\/03\/005807_Roger-Johansen_www.nordnorge.com-bredde-1024x576.jpg\"},{\"@type\":\"BreadcrumbList\",\"@id\":\"https:\/\/nordnorge.com\/de\/sehen-und-erleben\/#breadcrumb\",\"itemListElement\":[{\"@type\":\"ListItem\",\"position\":1,\"name\":\"Home\",\"item\":\"https:\/\/nordnorge.com\/de\/\"},{\"@type\":\"ListItem\",\"position\":2,\"name\":\"Sehen und erleben\"}]},{\"@type\":\"WebSite\",\"@id\":\"https:\/\/nordnorge.com\/de\/#website\",\"url\":\"https:\/\/nordnorge.com\/de\/\",\"name\":\"Nord-Norge - Deutsch\",\"description\":\"\",\"publisher\":{\"@id\":\"https:\/\/nordnorge.com\/de\/#organization\"},\"potentialAction\":[{\"@type\":\"SearchAction\",\"target\":{\"@type\":\"EntryPoint\",\"urlTemplate\":\"https:\/\/nordnorge.com\/de\/?s={search_term_string}\"},\"query-input\":{\"@type\":\"PropertyValueSpecification\",\"valueRequired\":true,\"valueName\":\"search_term_string\"}}],\"inLanguage\":\"de\"},{\"@type\":\"Organization\",\"@id\":\"https:\/\/nordnorge.com\/de\/#organization\",\"name\":\"Nord-Norge - Deutsch\",\"url\":\"https:\/\/nordnorge.com\/de\/\",\"logo\":{\"@type\":\"ImageObject\",\"inLanguage\":\"de\",\"@id\":\"https:\/\/nordnorge.com\/de\/#\/schema\/logo\/image\/\",\"url\":\"https:\/\/nordnorge.com\/content\/uploads\/2020\/01\/cropped-logo_en-3.png\",\"contentUrl\":\"https:\/\/nordnorge.com\/content\/uploads\/2020\/01\/cropped-logo_en-3.png\",\"caption\":\"Nord-Norge - Deutsch\"},\"image\":{\"@id\":\"https:\/\/nordnorge.com\/de\/#\/schema\/logo\/image\/\"}}]}<\/script>\n<!-- \/ Yoast SEO Premium plugin. -->","yoast_head_json":{"title":"Sehen und erleben - Nord-Norge - Deutsch","description":"Nordnorwegen bietet erstklassige Natur- und Kulturerlebnisse. Viele von ihnen sind immer noch lokale Geheimnisse","robots":{"index":"index","follow":"follow","max-snippet":"max-snippet:-1","max-image-preview":"max-image-preview:large","max-video-preview":"max-video-preview:-1"},"canonical":"https:\/\/nordnorge.com\/de\/sehen-und-erleben\/","og_locale":"de_DE","og_type":"article","og_title":"Sehen und erleben","og_description":"Nordnorwegen bietet erstklassige Natur- und Kulturerlebnisse. Viele von ihnen sind immer noch lokale Geheimnisse","og_url":"https:\/\/nordnorge.com\/de\/sehen-und-erleben\/","og_site_name":"Nord-Norge - Deutsch","article_modified_time":"2025-09-01T11:11:37+00:00","og_image":[{"url":"https:\/\/nordnorge.com\/content\/uploads\/2023\/03\/005807_Roger-Johansen_www.nordnorge.com-bredde-1024x576.jpg","type":"","width":"","height":""}],"twitter_card":"summary_large_image","twitter_misc":{"Gesch\u00e4tzte Lesezeit":"2\u00a0Minuten"},"schema":{"@context":"https:\/\/schema.org","@graph":[{"@type":"WebPage","@id":"https:\/\/nordnorge.com\/de\/sehen-und-erleben\/","url":"https:\/\/nordnorge.com\/de\/sehen-und-erleben\/","name":"Sehen und erleben - Nord-Norge - Deutsch","isPartOf":{"@id":"https:\/\/nordnorge.com\/de\/#website"},"primaryImageOfPage":{"@id":"https:\/\/nordnorge.com\/de\/sehen-und-erleben\/#primaryimage"},"image":{"@id":"https:\/\/nordnorge.com\/de\/sehen-und-erleben\/#primaryimage"},"thumbnailUrl":"https:\/\/nordnorge.com\/content\/uploads\/2023\/03\/005807_Roger-Johansen_www.nordnorge.com-bredde-1024x576.jpg","datePublished":"2023-11-03T14:31:20+00:00","dateModified":"2025-09-01T11:11:37+00:00","description":"Nordnorwegen bietet erstklassige Natur- und Kulturerlebnisse. Viele von ihnen sind immer noch lokale Geheimnisse","breadcrumb":{"@id":"https:\/\/nordnorge.com\/de\/sehen-und-erleben\/#breadcrumb"},"inLanguage":"de","potentialAction":[{"@type":"ReadAction","target":["https:\/\/nordnorge.com\/de\/sehen-und-erleben\/"]}]},{"@type":"ImageObject","inLanguage":"de","@id":"https:\/\/nordnorge.com\/de\/sehen-und-erleben\/#primaryimage","url":"https:\/\/nordnorge.com\/content\/uploads\/2023\/03\/005807_Roger-Johansen_www.nordnorge.com-bredde-1024x576.jpg","contentUrl":"https:\/\/nordnorge.com\/content\/uploads\/2023\/03\/005807_Roger-Johansen_www.nordnorge.com-bredde-1024x576.jpg"},{"@type":"BreadcrumbList","@id":"https:\/\/nordnorge.com\/de\/sehen-und-erleben\/#breadcrumb","itemListElement":[{"@type":"ListItem","position":1,"name":"Home","item":"https:\/\/nordnorge.com\/de\/"},{"@type":"ListItem","position":2,"name":"Sehen und erleben"}]},{"@type":"WebSite","@id":"https:\/\/nordnorge.com\/de\/#website","url":"https:\/\/nordnorge.com\/de\/","name":"Nord-Norge - Deutsch","description":"","publisher":{"@id":"https:\/\/nordnorge.com\/de\/#organization"},"potentialAction":[{"@type":"SearchAction","target":{"@type":"EntryPoint","urlTemplate":"https:\/\/nordnorge.com\/de\/?s={search_term_string}"},"query-input":{"@type":"PropertyValueSpecification","valueRequired":true,"valueName":"search_term_string"}}],"inLanguage":"de"},{"@type":"Organization","@id":"https:\/\/nordnorge.com\/de\/#organization","name":"Nord-Norge - Deutsch","url":"https:\/\/nordnorge.com\/de\/","logo":{"@type":"ImageObject","inLanguage":"de","@id":"https:\/\/nordnorge.com\/de\/#\/schema\/logo\/image\/","url":"https:\/\/nordnorge.com\/content\/uploads\/2020\/01\/cropped-logo_en-3.png","contentUrl":"https:\/\/nordnorge.com\/content\/uploads\/2020\/01\/cropped-logo_en-3.png","caption":"Nord-Norge - Deutsch"},"image":{"@id":"https:\/\/nordnorge.com\/de\/#\/schema\/logo\/image\/"}}]}},"_links":{"self":[{"href":"https:\/\/nordnorge.com\/de\/wp-json\/wp\/v2\/pages\/18","targetHints":{"allow":["GET"]}}],"collection":[{"href":"https:\/\/nordnorge.com\/de\/wp-json\/wp\/v2\/pages"}],"about":[{"href":"https:\/\/nordnorge.com\/de\/wp-json\/wp\/v2\/types\/page"}],"author":[{"embeddable":true,"href":"https:\/\/nordnorge.com\/de\/wp-json\/wp\/v2\/users\/1"}],"replies":[{"embeddable":true,"href":"https:\/\/nordnorge.com\/de\/wp-json\/wp\/v2\/comments?post=18"}],"version-history":[{"count":6,"href":"https:\/\/nordnorge.com\/de\/wp-json\/wp\/v2\/pages\/18\/revisions"}],"predecessor-version":[{"id":2084,"href":"https:\/\/nordnorge.com\/de\/wp-json\/wp\/v2\/pages\/18\/revisions\/2084"}],"wp:attachment":[{"href":"https:\/\/nordnorge.com\/de\/wp-json\/wp\/v2\/media?parent=18"}],"curies":[{"name":"wp","href":"https:\/\/api.w.org\/{rel}","templated":true}]}}