{"id":20,"date":"2023-11-03T15:31:39","date_gmt":"2023-11-03T14:31:39","guid":{"rendered":"https:\/\/nordnorge.com\/de\/?page_id=20"},"modified":"2025-12-12T09:02:44","modified_gmt":"2025-12-12T08:02:44","slug":"unterkunft-essen","status":"publish","type":"page","link":"https:\/\/nordnorge.com\/de\/unterkunft-essen\/","title":{"rendered":"Unterkunft &amp; Essen"},"content":{"rendered":"\n\t\t<div class=\"wp-block-vnn-ingress\">\n\t\t\t<div class=\"vnn__ingress\">\n\t\t\t\tWenn Sie nach Nord-Norwegen reisen, sind Wohnen und Essen ein gro\u00dfer Teil des Erlebnisses! Besonders, wenn Sie beabsichtigen, lange bei uns zu bleiben. Willkommen und guten Appetit!\n\t\t\t<\/div>\n\t\t\t\n\t\t<\/div>\n\n\n<p>Hier pr\u00e4sentieren wir einen kleinen Wohn-und-Essen-\u00dcberblick dar\u00fcber, wie Sie \u00fcbernachten und die nordnorwegische K\u00fcche erleben k\u00f6nnen:<\/p>\n\n\n<div class=\"alignfull vnn-hero wp-block-vnn-hero\">\n\t\t\t<div class=\"wp-block-vnn-hero__media\" style=\"background-image: url(https:\/\/nordnorge.com\/content\/uploads\/2023\/12\/LofotenSeaWeed_Foto_MariBareksten_DSC_0046-scaled.jpg);background-position: 50% 50%;\"><\/div>\n\t\t\t<div class=\"wp-block-vnn-hero__gradient\"><\/div>\n\t\t\t<div class=\"wp-block-vnn-hero__inner-container\">\n\t\t\t\t\n\n<h2 class=\"wp-block-heading\" id=\"h-ein-kulinarische-reise-durch-den-norden\">Ein kulinarische Reise durch den Norden<\/h2>\n\n\n\n<div class=\"wp-block-buttons is-layout-flex wp-block-buttons-is-layout-flex\">\n<div class=\"wp-block-button\"><a class=\"wp-block-button__link wp-element-button\" href=\"https:\/\/nordnorge.com\/de\/artikkel\/ein-kulinarische-reise-durch-den-norden\/\">Gute Reise durch den kulinarischen Teil des Landes<\/a><\/div>\n<\/div>\n\n\n\t\t\t<\/div>\n\t\t<\/div>\n\n\n\n\n<figure class=\"wp-block-embed dekode-gtm-iframe-preview is-type-video is-provider-youtube wp-block-embed-youtube wp-embed-aspect-16-9 wp-has-aspect-ratio\"><div class=\"wp-block-embed__wrapper\">\n<iframe title=\"Arktische Verbindungen | Folge 4: Kreative Verbindungen - Hotspot Henningsv\u00e6r (Bod\u00f82024)\" width=\"500\" height=\"281\" data-cookieconsent=\"marketing\" data-cookieblock-src=\"https:\/\/www.youtube.com\/embed\/P97vdv40ppc?feature=oembed\" frameborder=\"0\" allow=\"accelerometer; autoplay; clipboard-write; encrypted-media; gyroscope; picture-in-picture; web-share\" referrerpolicy=\"strict-origin-when-cross-origin\" allowfullscreen><\/iframe>\n\t\t<div class=\"cookieconsent-optout-marketing dekode-gtm-cookie-consent-video-placeholder\">\n\t\t\t<div class=\"dekode-gtm-cookie-consent is-block-core-embed is-provider-youtube\">\n\t\t\t\t\n\t\t\t<img decoding=\"async\" src=\"https:\/\/i.ytimg.com\/vi\/P97vdv40ppc\/hqdefault.jpg\" alt=\"youtube\" \/>\n\t\t\t\t<div class=\"overlay\">\n\t\t\t\t\t<div class=\"cookie-info\">\n\t\t\t\t\t\t<p class=\"iframe-preview-text\">Dieser Inhalt (Film) wird von YouTube (einer Drittanbieter-Website) geladen. Sie m\u00fcssen Statistik- und Marketing-Cookies akzeptieren, um ihn ansehen zu k\u00f6nnen.<\/p>\n\t\t\t\t\t\t<p>\n\t\t\t\t\t\t\t<a title=\"Zustimmung erneuern\" class=\"dekode-gtm-cookiebot-renew\" href=\"#\">Zustimmung erneuern<\/a>\n\t\t\t\t\t\t\t\n\t\t\t\t\t\t<\/p>\n\t\t\t\t\t<\/div>\n\t\t\t\t<\/div>\n\t\t\t<\/div>\n\t\t<\/div>\n<\/div><figcaption class=\"wp-element-caption\">Die Journalistin und Autorin Alva Gehrmann reist im Rahmen des Videoblogs \u201eArktische Verbindungen\u201c f\u00fcrs Goethe-Institut durch Nordnorwegen. <a href=\"https:\/\/www.goethe.de\/ins\/no\/de\/kul\/sup\/arb.html\" target=\"_blank\" rel=\"noreferrer noopener\">https:\/\/www.goethe.de\/ins\/no\/de\/kul\/sup\/arb.html<\/a>.<\/figcaption><\/figure>\n\n\n<div class=\"alignfull vnn-hero wp-block-vnn-hero\">\n\t\t\t<div class=\"wp-block-vnn-hero__media\" style=\"background-image: url(https:\/\/nordnorge.com\/content\/uploads\/2023\/12\/Restaurant_SMAK_Foto_RunarLarsen_0065-scaled.jpg);background-position: 50% 45%;\"><\/div>\n\t\t\t<div class=\"wp-block-vnn-hero__gradient\"><\/div>\n\t\t\t<div class=\"wp-block-vnn-hero__inner-container\">\n\t\t\t\t\n\n<h2 class=\"wp-block-heading\" id=\"h-die-arktische-kuche\">Die Arktische K\u00fcche<\/h2>\n\n\n\n<div class=\"wp-block-buttons is-layout-flex wp-block-buttons-is-layout-flex\">\n<div class=\"wp-block-button\"><a class=\"wp-block-button__link wp-element-button\" href=\"https:\/\/nordnorge.com\/de\/tema\/die-arktische-kueche\/\">Guten Appetit zur &#8222;Gr\u00fcne Woche 2026&#8220;<\/a><\/div>\n<\/div>\n\n\n\t\t\t<\/div>\n\t\t<\/div>\n\n\n<div class=\"wp-block-group\"><div class=\"wp-block-group__inner-container is-layout-constrained wp-block-group-is-layout-constrained\">\n<figure class=\"wp-block-embed aligncenter is-type-wp-embed is-provider-goodstuff-alpeadria wp-block-embed-goodstuff-alpeadria\"><div class=\"wp-block-embed__wrapper\">\n<blockquote class=\"wp-embedded-content\" data-secret=\"a18d5Kqe26\"><a href=\"https:\/\/www.goodstuff-alpeadria.com\/nordnorwegen-ein-kulinarisches-erlebnis\/\">Nordnorwegen &#8211; ein kulinarisches Erlebnis<\/a><\/blockquote><iframe loading=\"lazy\" class=\"wp-embedded-content\" sandbox=\"allow-scripts\" security=\"restricted\" style=\"position: absolute; visibility: hidden;\" title=\"&#8222;Nordnorwegen &#8211; ein kulinarisches Erlebnis&#8220; &#8211; goodstuff AlpeAdria\" src=\"https:\/\/www.goodstuff-alpeadria.com\/nordnorwegen-ein-kulinarisches-erlebnis\/embed\/#?secret=OV20NZCotF#?secret=a18d5Kqe26\" data-secret=\"a18d5Kqe26\" width=\"500\" height=\"282\" frameborder=\"0\" marginwidth=\"0\" marginheight=\"0\" scrolling=\"no\"><\/iframe>\n<\/div><figcaption class=\"wp-element-caption\">Lesen Sie, was Dr. Gustav Schatzmayr aus \u00d6sterreich \u00fcber nordnorwegisches Essen schreibt<\/figcaption><\/figure>\n<\/div><\/div>\n\n\n\n<figure class=\"wp-block-embed dekode-gtm-iframe-preview is-type-video is-provider-youtube wp-block-embed-youtube wp-embed-aspect-16-9 wp-has-aspect-ratio\"><div class=\"wp-block-embed__wrapper\">\n<iframe title=\"Arktische Verbindungen | Folge 5: Kulinarische Verbindungen (Bod\u00f82024)\" width=\"500\" height=\"281\" data-cookieconsent=\"marketing\" data-cookieblock-src=\"https:\/\/www.youtube.com\/embed\/ObAHH7VNSus?feature=oembed\" frameborder=\"0\" allow=\"accelerometer; autoplay; clipboard-write; encrypted-media; gyroscope; picture-in-picture; web-share\" referrerpolicy=\"strict-origin-when-cross-origin\" allowfullscreen><\/iframe>\n\t\t<div class=\"cookieconsent-optout-marketing dekode-gtm-cookie-consent-video-placeholder\">\n\t\t\t<div class=\"dekode-gtm-cookie-consent is-block-core-embed is-provider-youtube\">\n\t\t\t\t\n\t\t\t<img decoding=\"async\" src=\"https:\/\/i.ytimg.com\/vi\/ObAHH7VNSus\/hqdefault.jpg\" alt=\"youtube\" \/>\n\t\t\t\t<div class=\"overlay\">\n\t\t\t\t\t<div class=\"cookie-info\">\n\t\t\t\t\t\t<p class=\"iframe-preview-text\">Dieser Inhalt (Film) wird von YouTube (einer Drittanbieter-Website) geladen. Sie m\u00fcssen Statistik- und Marketing-Cookies akzeptieren, um ihn ansehen zu k\u00f6nnen.<\/p>\n\t\t\t\t\t\t<p>\n\t\t\t\t\t\t\t<a title=\"Zustimmung erneuern\" class=\"dekode-gtm-cookiebot-renew\" href=\"#\">Zustimmung erneuern<\/a>\n\t\t\t\t\t\t\t\n\t\t\t\t\t\t<\/p>\n\t\t\t\t\t<\/div>\n\t\t\t\t<\/div>\n\t\t\t<\/div>\n\t\t<\/div>\n<\/div><figcaption class=\"wp-element-caption\">Die Journalistin und Autorin Alva Gehrmann reist im Rahmen des Videoblogs \u201eArktische Verbindungen\u201c f\u00fcrs Goethe-Institut durch Nordnorwegen. <a href=\"https:\/\/www.goethe.de\/ins\/no\/de\/kul\/sup\/arb.html\">https:\/\/www.goethe.de\/ins\/no\/de\/kul\/sup\/arb.html<\/a>.<\/figcaption><\/figure>\n\n\n\n<h2 class=\"wp-block-heading\" id=\"h-einzigartige-unterkunfte-und-lokale-speisen\">Einzigartige Unterk\u00fcnfte und lokale Speisen<\/h2>\n\n\n\n<p>Hier ist ein wenig Inspiration und einige Abk\u00fcrzungen zu einzigartigen Unterkunftsm\u00f6glichkeiten, lokaler Nahrung &amp; Getr\u00e4nken, guten Restaurants und anderen lokalen Geheimnissen:<\/p>\n\n\n<div class=\"t2-featured-content-layout alignwide alignwide wp-block-t2-featured-content-layout\" role=\"list\">\n<div class=\"t2-featured-single-post t2-featured-content is-post-type-artikler season-fruehling season-herbst season-sommer season-winter region-bodo region-helgeland region-lofoten region-narvik region-vesteralen malgrupper-culture-lover malgrupper-culture-seekers malgrupper-culture-specialist malgrupper-heritage-explorer malgrupper-local-insider malgrupper-modernist wp-block-t2-featured-single-post t2-featured-content-layout-col-4\" role=\"listitem\">\n\t\t<div class=\"default-card wp-block-t2-wrapper\">\n<a class=\"t2-post-link wp-block-t2-post-link\" href=\"https:\/\/nordnorge.com\/de\/artikkel\/bodo-2024-kulturhauptstadt-europas\/\">\n<div class=\"t2-post-dynamic-part is-source-filter filter-default_card wp-block-t2-post-dynamic-part\">\n\t\t<figure style=\"--t2-focal-point: 50% 50%;\" class=\"t2-post-featured-image has-image-ratio-16-9 wp-block-t2-post-dynamic-part\"><img loading=\"lazy\" decoding=\"async\" width=\"768\" height=\"512\" src=\"https:\/\/nordnorge.com\/content\/uploads\/2023\/12\/Bodo2024_Foto_Dan_Mariner_16-768x512.jpg\" class=\"attachment-medium_large size-medium_large\" alt=\"\" \/><\/figure>\n\t\t<div class=\"card-content\">\n\t\t\t\n\t\t\t<div class=\"card-region\">\n\t\t\t\tBod\u00f8\n\t\t\t<\/div>\n\t\t\t<h2>Bod\u00f8 2024 &#8211; Kulturhauptstadt Europas<\/h2>\n\t\t\t\n\t\t<\/div><\/div>\n<\/a>\n<\/div>\n<\/div>\n\n\n\n\n\n\n\n\n\n\n<\/div>\n\n<div class=\"alignfull vnn-hero wp-block-vnn-hero\">\n\t\t\t<div class=\"wp-block-vnn-hero__media\" style=\"background-image: url(https:\/\/nordnorge.com\/content\/uploads\/2024\/01\/TromsoVegFest_Banner-1920-x-1005-px.png);background-position: 50% 50%;\"><\/div>\n\t\t\t<div class=\"wp-block-vnn-hero__gradient\"><\/div>\n\t\t\t<div class=\"wp-block-vnn-hero__inner-container\">\n\t\t\t\t\n\n<h2 class=\"wp-block-heading\" id=\"h-\"> <\/h2>\n\n\n\n<div class=\"wp-block-buttons is-layout-flex wp-block-buttons-is-layout-flex\">\n<div class=\"wp-block-button\"><a class=\"wp-block-button__link wp-element-button\" href=\"https:\/\/www.vegfest.no\/tromso.html#header6-2t\" target=\"_blank\" rel=\"noreferrer noopener\">Erfahren Sie mehr \u00fcber pflanzliche Lebensmittel<\/a><\/div>\n<\/div>\n\n\n\t\t\t<\/div>\n\t\t<\/div>","protected":false},"excerpt":{"rendered":"<p>Hier pr\u00e4sentieren wir einen kleinen Wohn-und-Essen-\u00dcberblick dar\u00fcber, wie Sie \u00fcbernachten und die nordnorwegische K\u00fcche erleben k\u00f6nnen: Einzigartige Unterk\u00fcnfte und lokale Speisen Hier ist ein wenig Inspiration und einige Abk\u00fcrzungen zu einzigartigen Unterkunftsm\u00f6glichkeiten, lokaler Nahrung &amp; Getr\u00e4nken, guten Restaurants und anderen lokalen Geheimnissen:<\/p>\n","protected":false},"author":13,"featured_media":0,"parent":0,"menu_order":0,"comment_status":"closed","ping_status":"closed","template":"","meta":{"_searchwp_excluded":"","vnn_header_layout":"youtube","vnn_header_layout_image_id":0,"vnn_header_layout_image_focal_point_x":0,"vnn_header_layout_image_focal_point_y":0,"vnn_header_layout_description":"","vnn_header_layout_url":"","vnn_header_layout_url_text":"","vnn_header_layout_photographer":"","vnn_header_layout_video_id":"","vnn_header_layout_yt_id":"BUt-FQLevCU","vnn_header_layout_vimeo_id":"","teft_location_geodata_lat":0,"teft_location_geodata_lng":0,"footnotes":""},"class_list":["post-20","page","type-page","status-publish","hentry"],"yoast_head":"<!-- This site is optimized with the Yoast SEO Premium plugin v24.5 (Yoast SEO v25.3.1) - https:\/\/yoast.com\/wordpress\/plugins\/seo\/ -->\n<title>Unterkunft &amp; Essen - Nord-Norge - Deutsch<\/title>\n<meta name=\"description\" content=\"Genie\u00dfen Sie einen erholsamen Schlaf und das lokale Essen. Werden Sie Teil unserer lokalen Lebensweise in Nordnorwegen\" \/>\n<meta name=\"robots\" content=\"index, follow, max-snippet:-1, max-image-preview:large, max-video-preview:-1\" \/>\n<link rel=\"canonical\" href=\"https:\/\/nordnorge.com\/de\/unterkunft-essen\/\" \/>\n<meta property=\"og:locale\" content=\"de_DE\" \/>\n<meta property=\"og:type\" content=\"article\" \/>\n<meta property=\"og:title\" content=\"Unterkunft &amp; Essen\" \/>\n<meta property=\"og:description\" content=\"Genie\u00dfen Sie einen erholsamen Schlaf und das lokale Essen. Werden Sie Teil unserer lokalen Lebensweise in Nordnorwegen\" \/>\n<meta property=\"og:url\" content=\"https:\/\/nordnorge.com\/de\/unterkunft-essen\/\" \/>\n<meta property=\"og:site_name\" content=\"Nord-Norge - Deutsch\" \/>\n<meta property=\"article:modified_time\" content=\"2025-12-12T08:02:44+00:00\" \/>\n<meta name=\"twitter:card\" content=\"summary_large_image\" \/>\n<meta name=\"twitter:label1\" content=\"Gesch\u00e4tzte Lesezeit\" \/>\n\t<meta name=\"twitter:data1\" content=\"1\u00a0Minute\" \/>\n<script type=\"application\/ld+json\" class=\"yoast-schema-graph\">{\"@context\":\"https:\/\/schema.org\",\"@graph\":[{\"@type\":\"WebPage\",\"@id\":\"https:\/\/nordnorge.com\/de\/unterkunft-essen\/\",\"url\":\"https:\/\/nordnorge.com\/de\/unterkunft-essen\/\",\"name\":\"Unterkunft &amp; Essen - Nord-Norge - Deutsch\",\"isPartOf\":{\"@id\":\"https:\/\/nordnorge.com\/de\/#website\"},\"datePublished\":\"2023-11-03T14:31:39+00:00\",\"dateModified\":\"2025-12-12T08:02:44+00:00\",\"description\":\"Genie\u00dfen Sie einen erholsamen Schlaf und das lokale Essen. Werden Sie Teil unserer lokalen Lebensweise in Nordnorwegen\",\"breadcrumb\":{\"@id\":\"https:\/\/nordnorge.com\/de\/unterkunft-essen\/#breadcrumb\"},\"inLanguage\":\"de\",\"potentialAction\":[{\"@type\":\"ReadAction\",\"target\":[\"https:\/\/nordnorge.com\/de\/unterkunft-essen\/\"]}]},{\"@type\":\"BreadcrumbList\",\"@id\":\"https:\/\/nordnorge.com\/de\/unterkunft-essen\/#breadcrumb\",\"itemListElement\":[{\"@type\":\"ListItem\",\"position\":1,\"name\":\"Home\",\"item\":\"https:\/\/nordnorge.com\/de\/\"},{\"@type\":\"ListItem\",\"position\":2,\"name\":\"Unterkunft &amp; Essen\"}]},{\"@type\":\"WebSite\",\"@id\":\"https:\/\/nordnorge.com\/de\/#website\",\"url\":\"https:\/\/nordnorge.com\/de\/\",\"name\":\"Nord-Norge - Deutsch\",\"description\":\"\",\"publisher\":{\"@id\":\"https:\/\/nordnorge.com\/de\/#organization\"},\"potentialAction\":[{\"@type\":\"SearchAction\",\"target\":{\"@type\":\"EntryPoint\",\"urlTemplate\":\"https:\/\/nordnorge.com\/de\/?s={search_term_string}\"},\"query-input\":{\"@type\":\"PropertyValueSpecification\",\"valueRequired\":true,\"valueName\":\"search_term_string\"}}],\"inLanguage\":\"de\"},{\"@type\":\"Organization\",\"@id\":\"https:\/\/nordnorge.com\/de\/#organization\",\"name\":\"Nord-Norge - Deutsch\",\"url\":\"https:\/\/nordnorge.com\/de\/\",\"logo\":{\"@type\":\"ImageObject\",\"inLanguage\":\"de\",\"@id\":\"https:\/\/nordnorge.com\/de\/#\/schema\/logo\/image\/\",\"url\":\"https:\/\/nordnorge.com\/content\/uploads\/2020\/01\/cropped-logo_en-3.png\",\"contentUrl\":\"https:\/\/nordnorge.com\/content\/uploads\/2020\/01\/cropped-logo_en-3.png\",\"caption\":\"Nord-Norge - Deutsch\"},\"image\":{\"@id\":\"https:\/\/nordnorge.com\/de\/#\/schema\/logo\/image\/\"}}]}<\/script>\n<!-- \/ Yoast SEO Premium plugin. -->","yoast_head_json":{"title":"Unterkunft &amp; Essen - Nord-Norge - Deutsch","description":"Genie\u00dfen Sie einen erholsamen Schlaf und das lokale Essen. Werden Sie Teil unserer lokalen Lebensweise in Nordnorwegen","robots":{"index":"index","follow":"follow","max-snippet":"max-snippet:-1","max-image-preview":"max-image-preview:large","max-video-preview":"max-video-preview:-1"},"canonical":"https:\/\/nordnorge.com\/de\/unterkunft-essen\/","og_locale":"de_DE","og_type":"article","og_title":"Unterkunft &amp; Essen","og_description":"Genie\u00dfen Sie einen erholsamen Schlaf und das lokale Essen. Werden Sie Teil unserer lokalen Lebensweise in Nordnorwegen","og_url":"https:\/\/nordnorge.com\/de\/unterkunft-essen\/","og_site_name":"Nord-Norge - Deutsch","article_modified_time":"2025-12-12T08:02:44+00:00","twitter_card":"summary_large_image","twitter_misc":{"Gesch\u00e4tzte Lesezeit":"1\u00a0Minute"},"schema":{"@context":"https:\/\/schema.org","@graph":[{"@type":"WebPage","@id":"https:\/\/nordnorge.com\/de\/unterkunft-essen\/","url":"https:\/\/nordnorge.com\/de\/unterkunft-essen\/","name":"Unterkunft &amp; Essen - Nord-Norge - Deutsch","isPartOf":{"@id":"https:\/\/nordnorge.com\/de\/#website"},"datePublished":"2023-11-03T14:31:39+00:00","dateModified":"2025-12-12T08:02:44+00:00","description":"Genie\u00dfen Sie einen erholsamen Schlaf und das lokale Essen. Werden Sie Teil unserer lokalen Lebensweise in Nordnorwegen","breadcrumb":{"@id":"https:\/\/nordnorge.com\/de\/unterkunft-essen\/#breadcrumb"},"inLanguage":"de","potentialAction":[{"@type":"ReadAction","target":["https:\/\/nordnorge.com\/de\/unterkunft-essen\/"]}]},{"@type":"BreadcrumbList","@id":"https:\/\/nordnorge.com\/de\/unterkunft-essen\/#breadcrumb","itemListElement":[{"@type":"ListItem","position":1,"name":"Home","item":"https:\/\/nordnorge.com\/de\/"},{"@type":"ListItem","position":2,"name":"Unterkunft &amp; Essen"}]},{"@type":"WebSite","@id":"https:\/\/nordnorge.com\/de\/#website","url":"https:\/\/nordnorge.com\/de\/","name":"Nord-Norge - Deutsch","description":"","publisher":{"@id":"https:\/\/nordnorge.com\/de\/#organization"},"potentialAction":[{"@type":"SearchAction","target":{"@type":"EntryPoint","urlTemplate":"https:\/\/nordnorge.com\/de\/?s={search_term_string}"},"query-input":{"@type":"PropertyValueSpecification","valueRequired":true,"valueName":"search_term_string"}}],"inLanguage":"de"},{"@type":"Organization","@id":"https:\/\/nordnorge.com\/de\/#organization","name":"Nord-Norge - Deutsch","url":"https:\/\/nordnorge.com\/de\/","logo":{"@type":"ImageObject","inLanguage":"de","@id":"https:\/\/nordnorge.com\/de\/#\/schema\/logo\/image\/","url":"https:\/\/nordnorge.com\/content\/uploads\/2020\/01\/cropped-logo_en-3.png","contentUrl":"https:\/\/nordnorge.com\/content\/uploads\/2020\/01\/cropped-logo_en-3.png","caption":"Nord-Norge - Deutsch"},"image":{"@id":"https:\/\/nordnorge.com\/de\/#\/schema\/logo\/image\/"}}]}},"_links":{"self":[{"href":"https:\/\/nordnorge.com\/de\/wp-json\/wp\/v2\/pages\/20","targetHints":{"allow":["GET"]}}],"collection":[{"href":"https:\/\/nordnorge.com\/de\/wp-json\/wp\/v2\/pages"}],"about":[{"href":"https:\/\/nordnorge.com\/de\/wp-json\/wp\/v2\/types\/page"}],"author":[{"embeddable":true,"href":"https:\/\/nordnorge.com\/de\/wp-json\/wp\/v2\/users\/13"}],"replies":[{"embeddable":true,"href":"https:\/\/nordnorge.com\/de\/wp-json\/wp\/v2\/comments?post=20"}],"version-history":[{"count":6,"href":"https:\/\/nordnorge.com\/de\/wp-json\/wp\/v2\/pages\/20\/revisions"}],"predecessor-version":[{"id":2502,"href":"https:\/\/nordnorge.com\/de\/wp-json\/wp\/v2\/pages\/20\/revisions\/2502"}],"wp:attachment":[{"href":"https:\/\/nordnorge.com\/de\/wp-json\/wp\/v2\/media?parent=20"}],"curies":[{"name":"wp","href":"https:\/\/api.w.org\/{rel}","templated":true}]}}