{"id":4077,"date":"2020-02-04T12:19:06","date_gmt":"2020-02-04T12:19:06","guid":{"rendered":"https:\/\/nordnorge.com\/en\/?page_id=4077"},"modified":"2025-09-01T11:04:47","modified_gmt":"2025-09-01T11:04:47","slug":"take-the-train-or-the-bus-to-northern-norway","status":"publish","type":"page","link":"https:\/\/nordnorge.com\/en\/plan-your-trip\/take-the-train-or-the-bus-to-northern-norway\/","title":{"rendered":"Take the train or the bus to Northern Norway"},"content":{"rendered":"\n\t\t<div class=\"wp-block-vnn-ingress\">\n\t\t\t<div class=\"vnn__ingress\">\n\t\t\t\tTaking the train to Northern Norway means you can take the train to the railhead. In the far north, there are buses across the borders. \n\t\t\t<\/div>\n\t\t\t\n\t\t<\/div>\n\n\n<p class=\"has-drop-cap\">The European rail network reaches all the way to Northern Norway. But is doesn&#8217;t go all the way to the top our out to the coast. Here long distance buses are the thing. <\/p>\n\n\n<div class=\"t2-featured-single-post t2-featured-content is-post-type-artikler season-autumn season-spring season-summer season-winter region-salten region-helgeland malgrupper-local-insider malgrupper-romantic-indulger malgrupper-slow-traveller wp-block-t2-featured-single-post\">\n\t\t<div class=\"default-card wp-block-t2-wrapper\">\n<a class=\"t2-post-link wp-block-t2-post-link\" href=\"https:\/\/nordnorge.com\/en\/artikkel\/the-nordland-line-offers-a-momentous-journey-through-northern-norway\/\">\n<div class=\"t2-post-dynamic-part is-source-filter filter-default_card wp-block-t2-post-dynamic-part\">\n\t\t<figure style=\"--t2-focal-point: 50% 50%;\" class=\"t2-post-featured-image has-image-ratio-16-9 wp-block-t2-post-dynamic-part\"><img loading=\"lazy\" decoding=\"async\" width=\"768\" height=\"514\" src=\"https:\/\/nordnorge.com\/content\/uploads\/2020\/07\/000164_Rune-Fossum_www.nordnorge.com_-768x514.jpg\" class=\"attachment-medium_large size-medium_large\" alt=\"\" \/><\/figure>\n\t\t<div class=\"card-content\">\n\t\t\t\n\t\t\t<div class=\"card-region\">\n\t\t\t\tBod\u00f8 og Salten\n\t\t\t<\/div>\n\t\t\t<h2>The Nordland Line offers a momentous journey through Northern Norway<\/h2>\n\t\t\t\n\t\t<\/div><\/div>\n<\/a>\n<\/div>\n<\/div>\n\n\n<h2 class=\"wp-block-heading\" id=\"h-trains-from-scandinavia-to-northern-norway\">Trains from Scandinavia to Northern Norway<\/h2>\n\n\n\n<h3 class=\"wp-block-heading\" id=\"h-from-oslo-and-trondheim\">From Oslo and Trondheim<\/h3>\n\n\n\n<p>The Nordland Railway, Nordlandsbanen, is the northern end of the Norwegian rail network. You can take a train from Oslo to Trondheim, then change for the Nordland Railway through <a aria-label=\"Mosj\u00f8en (opens in a new tab)\" href=\"https:\/\/nordnorge.com\/en\/artikkel\/sjogato-in-mosjen-a-real-life-history-book\/\" target=\"_blank\" rel=\"noreferrer noopener\">Mosj\u00f8en<\/a>, Mo i Rana and Fauske to <a aria-label=\"Bod\u00f8 (opens in a new tab)\" href=\"https:\/\/nordnorge.com\/en\/destinasjon\/bodo-and-salten\/\" target=\"_blank\" rel=\"noreferrer noopener\">Bod\u00f8<\/a>. They offer both night trains with sleepers as well as day trains. Book trains at the <a aria-label=\"Norwegian Nationa Railways (opens in a new tab)\" href=\"http:\/\/www.vy.no\" target=\"_blank\" rel=\"noreferrer noopener\">Norwegian National Railways<\/a>&#8216; or <a href=\"https:\/\/www.sj.no\/\" target=\"_blank\" rel=\"noreferrer noopener\">SJ Nords<\/a>&#8216; homepage. <\/p>\n\n\n\n<h3 class=\"wp-block-heading\" id=\"h-from-stockholm-and-kiruna\">From Stockholm and Kiruna<\/h3>\n\n\n\n<p>The Ofoten Railway, <a href=\"https:\/\/nordnorge.com\/en\/aktivitet\/the-ofoten-railway-in-narvik-crosses-norway-in-one-hour\/\" target=\"_blank\" rel=\"noreferrer noopener\" aria-label=\"Ofotbanen (opens in a new tab)\">Ofotbanen<\/a>, is an extension of the Swedish rail network. Night trains leave Stockholm for Boden\/Lule\u00e5, Kiruna, the winter sport resort of Riksgr\u00e4nsen and <a href=\"https:\/\/nordnorge.com\/en\/destinasjon\/narvik\/\" target=\"_blank\" rel=\"noreferrer noopener\" aria-label=\"Narvik (opens in a new tab)\">Narvik<\/a>. <\/p>\n\n\n\n<p>Book your tickets at the home page of the <a href=\"https:\/\/www.sj.se\/sv\/hem.html#\/\" target=\"_blank\" rel=\"noreferrer noopener\" aria-label=\"Swedish National Railways (opens in a new tab)\">Swedish National Railways<\/a>. For shorter trips across the border, you can also buy tickets from a machine at the railway station in Narvik. <\/p>\n\n\n\n<h3 class=\"wp-block-heading\">From Narvik to the Swedish Border<\/h3>\n\n\n\n<p>Arctic Train transports you 43 kilometres through a desolate, wild and beautiful landscape along the Ofot line. From the ice-blue fjord in Narvik to the bare mountains in Sweden, there are several historical events that form a dramatic backdrop for the experience. Pack warm clothes and a good dose of adventure and join an epic journey at <a href=\"https:\/\/www.arctictrain.com\/\" target=\"_blank\" rel=\"noreferrer noopener\">ArcticTrain<\/a>.<\/p>\n\n\n\n<h3 class=\"wp-block-heading\" id=\"h-discounts\">Discounts<\/h3>\n\n\n\n<p>The train companies offer discounts when there is less, for children, students and seniors. Check their websites well ahead, it pays!<\/p>\n\n\n\n<h2 class=\"wp-block-heading\" id=\"h-bus-from-finland\">Bus from Finland<\/h2>\n\n\n\n<p>There is no such thing as a long distance bus from Southern Norway. However, you can cross the border in the far north by bus. <\/p>\n\n\n\n<h3 class=\"wp-block-heading\" id=\"h-the-arctic-route\">The Arctic Route<\/h3>\n\n\n\n<p><a aria-label=\"The Arctic Route (opens in a new tab)\" href=\"https:\/\/www.thearcticroute.com\/\" target=\"_blank\" rel=\"noreferrer noopener\">The Arctic Route<\/a> offers a network of buses across borders, useful if you&#8217;re holidaying in more than one country in Arctic Scandinavia: <\/p>\n\n\n\n<ul class=\"wp-block-list\">\n<li>Bus <a href=\"https:\/\/bestarctic.com\/thearcticroute\/tromso-rovaniemi-rovaniemi-tromso\/\">Rovaniemi &#8211; Troms\u00f8<\/a><\/li>\n\n\n\n<li>Bus <a href=\"https:\/\/bestarctic.com\/thearcticroute\/tromso-narvik-narvik-tromso\/\" target=\"_blank\" rel=\"noreferrer noopener\">Narvik &#8211; Troms\u00f8<\/a><\/li>\n\n\n\n<li>Bus <a href=\"https:\/\/bestarctic.com\/thearcticroute\/tromso-alta-alta-tromso\/\" target=\"_blank\" rel=\"noreferrer noopener\">Troms\u00f8 &#8211; Alta<\/a><\/li>\n\n\n\n<li>Bus <a href=\"https:\/\/bestarctic.com\/thearcticroute\/tromso-lofoten-tromso\/\" target=\"_blank\" rel=\"noreferrer noopener\">Troms\u00f8 \u2013 Lofoten<\/a><\/li>\n\n\n\n<li>Bus <a href=\"https:\/\/bestarctic.com\/thearcticroute\/narvik-lofoten-narvik\/\" target=\"_blank\" rel=\"noreferrer noopener\">Narvik \u2013 Lofoten<\/a><\/li>\n\n\n\n<li>Bus <a href=\"https:\/\/bestarctic.com\/thearcticroute\/tromso-skjervoy-skjervoy-tromso\/\" target=\"_blank\" rel=\"noreferrer noopener\">Troms\u00f8 \u2013 Skjerv\u00f8y<\/a> (Whale Route)<\/li>\n<\/ul>\n\n\n\n<figure class=\"wp-block-image size-large\"><img loading=\"lazy\" decoding=\"async\" width=\"1024\" height=\"657\" src=\"https:\/\/nordnorge.com\/content\/uploads\/2025\/03\/Best-Arctic-Arctic-Route-Summer-2025-icon-map-1024x657.jpg\" alt=\"\" class=\"wp-image-28933\" srcset=\"https:\/\/nordnorge.com\/content\/uploads\/2025\/03\/Best-Arctic-Arctic-Route-Summer-2025-icon-map-1024x657.jpg 1024w, https:\/\/nordnorge.com\/content\/uploads\/2025\/03\/Best-Arctic-Arctic-Route-Summer-2025-icon-map-300x192.jpg 300w, https:\/\/nordnorge.com\/content\/uploads\/2025\/03\/Best-Arctic-Arctic-Route-Summer-2025-icon-map-768x493.jpg 768w, https:\/\/nordnorge.com\/content\/uploads\/2025\/03\/Best-Arctic-Arctic-Route-Summer-2025-icon-map-1536x985.jpg 1536w, https:\/\/nordnorge.com\/content\/uploads\/2025\/03\/Best-Arctic-Arctic-Route-Summer-2025-icon-map-2048x1314.jpg 2048w\" sizes=\"auto, (max-width: 1024px) 100vw, 1024px\" \/><\/figure>\n\n\n\n<h3 class=\"wp-block-heading\" id=\"h-buses-from-finland-to-norway\">Buses from Finland to Norway<\/h3>\n\n\n\n<p>The Finnish bus company <a href=\"https:\/\/www.eskelisen.fi\/en\/\" target=\"_blank\" rel=\"noreferrer noopener\" aria-label=\"Eskelisen Lapin Linjat (opens in a new tab)\">Eskelisen Lapin Linjat<\/a> operates a number of routes, depending on the time of year, from Rovaniemi to various destinations in Northern Norway.  <br> <\/p>\n\n\n\n<ul class=\"wp-block-list\">\n<li>Bus <a href=\"https:\/\/nordnorge.com\/en\/artikkel\/the-sami-parliament\/\" target=\"_blank\" rel=\"noreferrer noopener\" aria-label=\"Karasjok  (opens in a new tab)\">Karasjok <\/a>\u2013 Rovaniemi all year. Onward connection with Norwegian buses to the North  Cape, <a href=\"https:\/\/nordnorge.com\/en\/destinasjon\/hammerfest\/\" target=\"_blank\" rel=\"noreferrer noopener\" aria-label=\"Hammerfest  (opens in a new tab)\">Hammerfest <\/a>and <a href=\"https:\/\/nordnorge.com\/en\/destinasjon\/alta\/\" target=\"_blank\" rel=\"noreferrer noopener\" aria-label=\"Alta (opens in a new tab)\">Alta<\/a>, notably. <\/li>\n\n\n\n<li>Bus Rovaniemi \u2013 <a href=\"https:\/\/nordnorge.com\/en\/artikkel\/the-north-cape-is-europe-most-northerly-point\/\" target=\"_blank\" rel=\"noreferrer noopener\" aria-label=\"Nordkapp  (opens in a new tab)\">Nordkapp <\/a>(North Cape) in summer<\/li>\n\n\n\n<li>Bus Rovaniemi-Troms\u00f8 in summer. Also in part of the winter, integrated in the <a rel=\"noreferrer noopener\" aria-label=\"Arctic Route (opens in a new tab)\" href=\"https:\/\/www.thearcticroute.com\/\" target=\"_blank\">Arctic Route<\/a><\/li>\n<\/ul>\n\n\n\n<p>Finnmark County has startet the new bus connection:<\/p>\n\n\n\n<ul class=\"wp-block-list\">\n<li>Tana bru \u2013 Nuorgam\/Nuorgam \u2013 Ivalo (Finland). Read more at <a href=\"https:\/\/snelandia.no\/\" target=\"_blank\" rel=\"noreferrer noopener\">Snelandia<\/a>.<\/li>\n<\/ul>\n","protected":false},"excerpt":{"rendered":"<p>The European rail network reaches all the way to Northern Norway. But is doesn&#8217;t go all the way to the top our out to the coast. Here long distance buses are the thing. Trains from Scandinavia to Northern Norway From Oslo and Trondheim The Nordland Railway, Nordlandsbanen, is the northern end of the Norwegian rail [&hellip;]<\/p>\n","protected":false},"author":4,"featured_media":26106,"parent":61,"menu_order":2,"comment_status":"closed","ping_status":"closed","template":"","meta":{"_searchwp_excluded":"","vnn_header_layout":"featured","vnn_header_layout_image_id":26106,"vnn_header_layout_image_focal_point_x":0.44,"vnn_header_layout_image_focal_point_y":0.72,"vnn_header_layout_description":"","vnn_header_layout_url":"","vnn_header_layout_url_text":"","vnn_header_layout_photographer":"Bus in Vestv\u00e5g\u00f8y. Foto: B\u00e5rd L\u00f8ken","vnn_header_layout_video_id":"","vnn_header_layout_yt_id":"","vnn_header_layout_vimeo_id":"","teft_location_geodata_lat":0,"teft_location_geodata_lng":0,"teft_cards_image_id":26106,"teft_cards_image_focal_point_x":0.45,"teft_cards_image_focal_point_y":0.73,"teft_cards_title":"","teft_cards_excerpt":"","footnotes":""},"class_list":["post-4077","page","type-page","status-publish","has-post-thumbnail","hentry"],"yoast_head":"<!-- This site is optimized with the Yoast SEO Premium plugin v24.5 (Yoast SEO v25.3.1) - https:\/\/yoast.com\/wordpress\/plugins\/seo\/ -->\n<title>Take the train or the bus to Northern Norway - Visit Northern Norway<\/title>\n<meta name=\"description\" content=\"You can take a Norwegian train all the way to Bod\u00f8 and a Swedish one to Narvik. From Finland and Russia there are cross border buses.\" \/>\n<meta name=\"robots\" content=\"index, follow, max-snippet:-1, max-image-preview:large, max-video-preview:-1\" \/>\n<link rel=\"canonical\" href=\"https:\/\/nordnorge.com\/en\/plan-your-trip\/take-the-train-or-the-bus-to-northern-norway\/\" \/>\n<meta property=\"og:locale\" content=\"en_US\" \/>\n<meta property=\"og:type\" content=\"article\" \/>\n<meta property=\"og:title\" content=\"Take the train or the bus to Northern Norway\" \/>\n<meta property=\"og:description\" content=\"You can take a Norwegian train all the way to Bod\u00f8 and a Swedish one to Narvik. From Finland and Russia there are cross border buses.\" \/>\n<meta property=\"og:url\" content=\"https:\/\/nordnorge.com\/en\/plan-your-trip\/take-the-train-or-the-bus-to-northern-norway\/\" \/>\n<meta property=\"og:site_name\" content=\"Visit Northern Norway\" \/>\n<meta property=\"article:publisher\" content=\"https:\/\/www.facebook.com\/NorthernNorway\" \/>\n<meta property=\"article:modified_time\" content=\"2025-09-01T11:04:47+00:00\" \/>\n<meta property=\"og:image\" content=\"https:\/\/nordnorge.com\/content\/uploads\/2024\/04\/000746_Baard-Loeken_www.nordnorge.com-bredde-bunn-scaled.jpg\" \/><meta property=\"og:image\" content=\"https:\/\/nordnorge.com\/content\/uploads\/2024\/04\/000746_Baard-Loeken_www.nordnorge.com-bredde-bunn-1024x576.jpg\" \/>\n<meta name=\"twitter:card\" content=\"summary_large_image\" \/>\n<meta name=\"twitter:image\" content=\"https:\/\/nordnorge.com\/content\/uploads\/2024\/04\/000746_Baard-Loeken_www.nordnorge.com-bredde-bunn-scaled.jpg\" \/>\n<meta name=\"twitter:site\" content=\"@NorthernNorway\" \/>\n<meta name=\"twitter:label1\" content=\"Est. reading time\" \/>\n\t<meta name=\"twitter:data1\" content=\"3 minutes\" \/>\n<script type=\"application\/ld+json\" class=\"yoast-schema-graph\">{\"@context\":\"https:\/\/schema.org\",\"@graph\":[{\"@type\":\"WebPage\",\"@id\":\"https:\/\/nordnorge.com\/en\/plan-your-trip\/take-the-train-or-the-bus-to-northern-norway\/\",\"url\":\"https:\/\/nordnorge.com\/en\/plan-your-trip\/take-the-train-or-the-bus-to-northern-norway\/\",\"name\":\"Take the train or the bus to Northern Norway - Visit Northern Norway\",\"isPartOf\":{\"@id\":\"https:\/\/nordnorge.com\/en\/#website\"},\"primaryImageOfPage\":{\"@id\":\"https:\/\/nordnorge.com\/en\/plan-your-trip\/take-the-train-or-the-bus-to-northern-norway\/#primaryimage\"},\"image\":{\"@id\":\"https:\/\/nordnorge.com\/en\/plan-your-trip\/take-the-train-or-the-bus-to-northern-norway\/#primaryimage\"},\"thumbnailUrl\":\"https:\/\/nordnorge.com\/content\/uploads\/2024\/04\/000746_Baard-Loeken_www.nordnorge.com-bredde-bunn-scaled.jpg\",\"datePublished\":\"2020-02-04T12:19:06+00:00\",\"dateModified\":\"2025-09-01T11:04:47+00:00\",\"description\":\"You can take a Norwegian train all the way to Bod\u00f8 and a Swedish one to Narvik. From Finland and Russia there are cross border buses.\",\"breadcrumb\":{\"@id\":\"https:\/\/nordnorge.com\/en\/plan-your-trip\/take-the-train-or-the-bus-to-northern-norway\/#breadcrumb\"},\"inLanguage\":\"en-US\",\"potentialAction\":[{\"@type\":\"ReadAction\",\"target\":[\"https:\/\/nordnorge.com\/en\/plan-your-trip\/take-the-train-or-the-bus-to-northern-norway\/\"]}]},{\"@type\":\"ImageObject\",\"inLanguage\":\"en-US\",\"@id\":\"https:\/\/nordnorge.com\/en\/plan-your-trip\/take-the-train-or-the-bus-to-northern-norway\/#primaryimage\",\"url\":\"https:\/\/nordnorge.com\/content\/uploads\/2024\/04\/000746_Baard-Loeken_www.nordnorge.com-bredde-bunn-scaled.jpg\",\"contentUrl\":\"https:\/\/nordnorge.com\/content\/uploads\/2024\/04\/000746_Baard-Loeken_www.nordnorge.com-bredde-bunn-scaled.jpg\"},{\"@type\":\"BreadcrumbList\",\"@id\":\"https:\/\/nordnorge.com\/en\/plan-your-trip\/take-the-train-or-the-bus-to-northern-norway\/#breadcrumb\",\"itemListElement\":[{\"@type\":\"ListItem\",\"position\":1,\"name\":\"Home\",\"item\":\"https:\/\/nordnorge.com\/en\/\"},{\"@type\":\"ListItem\",\"position\":2,\"name\":\"Plan your trip\",\"item\":\"https:\/\/nordnorge.com\/en\/plan-your-trip\/\"},{\"@type\":\"ListItem\",\"position\":3,\"name\":\"Take the train or the bus to Northern Norway\"}]},{\"@type\":\"WebSite\",\"@id\":\"https:\/\/nordnorge.com\/en\/#website\",\"url\":\"https:\/\/nordnorge.com\/en\/\",\"name\":\"Visit Northern Norway\",\"description\":\"\",\"publisher\":{\"@id\":\"https:\/\/nordnorge.com\/en\/#organization\"},\"potentialAction\":[{\"@type\":\"SearchAction\",\"target\":{\"@type\":\"EntryPoint\",\"urlTemplate\":\"https:\/\/nordnorge.com\/en\/?s={search_term_string}\"},\"query-input\":{\"@type\":\"PropertyValueSpecification\",\"valueRequired\":true,\"valueName\":\"search_term_string\"}}],\"inLanguage\":\"en-US\"},{\"@type\":\"Organization\",\"@id\":\"https:\/\/nordnorge.com\/en\/#organization\",\"name\":\"Visit Northern Norway\",\"url\":\"https:\/\/nordnorge.com\/en\/\",\"logo\":{\"@type\":\"ImageObject\",\"inLanguage\":\"en-US\",\"@id\":\"https:\/\/nordnorge.com\/en\/#\/schema\/logo\/image\/\",\"url\":\"https:\/\/nordnorge.com\/content\/uploads\/2024\/10\/Logo_Vertikal_EN.png\",\"contentUrl\":\"https:\/\/nordnorge.com\/content\/uploads\/2024\/10\/Logo_Vertikal_EN.png\",\"width\":2482,\"height\":1754,\"caption\":\"Visit Northern Norway\"},\"image\":{\"@id\":\"https:\/\/nordnorge.com\/en\/#\/schema\/logo\/image\/\"},\"sameAs\":[\"https:\/\/www.facebook.com\/NorthernNorway\",\"https:\/\/x.com\/NorthernNorway\",\"https:\/\/www.instagram.com\/northernnorway\/\",\"https:\/\/www.linkedin.com\/company\/nordnorsk-reiseliv-as\",\"https:\/\/no.pinterest.com\/northernnorway\/\",\"https:\/\/www.youtube.com\/user\/VisitNorthernNorway\/\"]}]}<\/script>\n<!-- \/ Yoast SEO Premium plugin. -->","yoast_head_json":{"title":"Take the train or the bus to Northern Norway - Visit Northern Norway","description":"You can take a Norwegian train all the way to Bod\u00f8 and a Swedish one to Narvik. From Finland and Russia there are cross border buses.","robots":{"index":"index","follow":"follow","max-snippet":"max-snippet:-1","max-image-preview":"max-image-preview:large","max-video-preview":"max-video-preview:-1"},"canonical":"https:\/\/nordnorge.com\/en\/plan-your-trip\/take-the-train-or-the-bus-to-northern-norway\/","og_locale":"en_US","og_type":"article","og_title":"Take the train or the bus to Northern Norway","og_description":"You can take a Norwegian train all the way to Bod\u00f8 and a Swedish one to Narvik. From Finland and Russia there are cross border buses.","og_url":"https:\/\/nordnorge.com\/en\/plan-your-trip\/take-the-train-or-the-bus-to-northern-norway\/","og_site_name":"Visit Northern Norway","article_publisher":"https:\/\/www.facebook.com\/NorthernNorway","article_modified_time":"2025-09-01T11:04:47+00:00","og_image":[{"url":"https:\/\/nordnorge.com\/content\/uploads\/2024\/04\/000746_Baard-Loeken_www.nordnorge.com-bredde-bunn-scaled.jpg","type":"","width":"","height":""},{"url":"https:\/\/nordnorge.com\/content\/uploads\/2024\/04\/000746_Baard-Loeken_www.nordnorge.com-bredde-bunn-1024x576.jpg","type":"","width":"","height":""}],"twitter_card":"summary_large_image","twitter_image":"https:\/\/nordnorge.com\/content\/uploads\/2024\/04\/000746_Baard-Loeken_www.nordnorge.com-bredde-bunn-scaled.jpg","twitter_site":"@NorthernNorway","twitter_misc":{"Est. reading time":"3 minutes"},"schema":{"@context":"https:\/\/schema.org","@graph":[{"@type":"WebPage","@id":"https:\/\/nordnorge.com\/en\/plan-your-trip\/take-the-train-or-the-bus-to-northern-norway\/","url":"https:\/\/nordnorge.com\/en\/plan-your-trip\/take-the-train-or-the-bus-to-northern-norway\/","name":"Take the train or the bus to Northern Norway - Visit Northern Norway","isPartOf":{"@id":"https:\/\/nordnorge.com\/en\/#website"},"primaryImageOfPage":{"@id":"https:\/\/nordnorge.com\/en\/plan-your-trip\/take-the-train-or-the-bus-to-northern-norway\/#primaryimage"},"image":{"@id":"https:\/\/nordnorge.com\/en\/plan-your-trip\/take-the-train-or-the-bus-to-northern-norway\/#primaryimage"},"thumbnailUrl":"https:\/\/nordnorge.com\/content\/uploads\/2024\/04\/000746_Baard-Loeken_www.nordnorge.com-bredde-bunn-scaled.jpg","datePublished":"2020-02-04T12:19:06+00:00","dateModified":"2025-09-01T11:04:47+00:00","description":"You can take a Norwegian train all the way to Bod\u00f8 and a Swedish one to Narvik. From Finland and Russia there are cross border buses.","breadcrumb":{"@id":"https:\/\/nordnorge.com\/en\/plan-your-trip\/take-the-train-or-the-bus-to-northern-norway\/#breadcrumb"},"inLanguage":"en-US","potentialAction":[{"@type":"ReadAction","target":["https:\/\/nordnorge.com\/en\/plan-your-trip\/take-the-train-or-the-bus-to-northern-norway\/"]}]},{"@type":"ImageObject","inLanguage":"en-US","@id":"https:\/\/nordnorge.com\/en\/plan-your-trip\/take-the-train-or-the-bus-to-northern-norway\/#primaryimage","url":"https:\/\/nordnorge.com\/content\/uploads\/2024\/04\/000746_Baard-Loeken_www.nordnorge.com-bredde-bunn-scaled.jpg","contentUrl":"https:\/\/nordnorge.com\/content\/uploads\/2024\/04\/000746_Baard-Loeken_www.nordnorge.com-bredde-bunn-scaled.jpg"},{"@type":"BreadcrumbList","@id":"https:\/\/nordnorge.com\/en\/plan-your-trip\/take-the-train-or-the-bus-to-northern-norway\/#breadcrumb","itemListElement":[{"@type":"ListItem","position":1,"name":"Home","item":"https:\/\/nordnorge.com\/en\/"},{"@type":"ListItem","position":2,"name":"Plan your trip","item":"https:\/\/nordnorge.com\/en\/plan-your-trip\/"},{"@type":"ListItem","position":3,"name":"Take the train or the bus to Northern Norway"}]},{"@type":"WebSite","@id":"https:\/\/nordnorge.com\/en\/#website","url":"https:\/\/nordnorge.com\/en\/","name":"Visit Northern Norway","description":"","publisher":{"@id":"https:\/\/nordnorge.com\/en\/#organization"},"potentialAction":[{"@type":"SearchAction","target":{"@type":"EntryPoint","urlTemplate":"https:\/\/nordnorge.com\/en\/?s={search_term_string}"},"query-input":{"@type":"PropertyValueSpecification","valueRequired":true,"valueName":"search_term_string"}}],"inLanguage":"en-US"},{"@type":"Organization","@id":"https:\/\/nordnorge.com\/en\/#organization","name":"Visit Northern Norway","url":"https:\/\/nordnorge.com\/en\/","logo":{"@type":"ImageObject","inLanguage":"en-US","@id":"https:\/\/nordnorge.com\/en\/#\/schema\/logo\/image\/","url":"https:\/\/nordnorge.com\/content\/uploads\/2024\/10\/Logo_Vertikal_EN.png","contentUrl":"https:\/\/nordnorge.com\/content\/uploads\/2024\/10\/Logo_Vertikal_EN.png","width":2482,"height":1754,"caption":"Visit Northern Norway"},"image":{"@id":"https:\/\/nordnorge.com\/en\/#\/schema\/logo\/image\/"},"sameAs":["https:\/\/www.facebook.com\/NorthernNorway","https:\/\/x.com\/NorthernNorway","https:\/\/www.instagram.com\/northernnorway\/","https:\/\/www.linkedin.com\/company\/nordnorsk-reiseliv-as","https:\/\/no.pinterest.com\/northernnorway\/","https:\/\/www.youtube.com\/user\/VisitNorthernNorway\/"]}]}},"_links":{"self":[{"href":"https:\/\/nordnorge.com\/en\/wp-json\/wp\/v2\/pages\/4077","targetHints":{"allow":["GET"]}}],"collection":[{"href":"https:\/\/nordnorge.com\/en\/wp-json\/wp\/v2\/pages"}],"about":[{"href":"https:\/\/nordnorge.com\/en\/wp-json\/wp\/v2\/types\/page"}],"author":[{"embeddable":true,"href":"https:\/\/nordnorge.com\/en\/wp-json\/wp\/v2\/users\/4"}],"replies":[{"embeddable":true,"href":"https:\/\/nordnorge.com\/en\/wp-json\/wp\/v2\/comments?post=4077"}],"version-history":[{"count":5,"href":"https:\/\/nordnorge.com\/en\/wp-json\/wp\/v2\/pages\/4077\/revisions"}],"predecessor-version":[{"id":14830,"href":"https:\/\/nordnorge.com\/en\/wp-json\/wp\/v2\/pages\/4077\/revisions\/14830"}],"up":[{"embeddable":true,"href":"https:\/\/nordnorge.com\/en\/wp-json\/wp\/v2\/pages\/61"}],"wp:featuredmedia":[{"embeddable":true,"href":"https:\/\/nordnorge.com\/en\/wp-json\/"}],"wp:attachment":[{"href":"https:\/\/nordnorge.com\/en\/wp-json\/wp\/v2\/media?parent=4077"}],"curies":[{"name":"wp","href":"https:\/\/api.w.org\/{rel}","templated":true}]}}