{"id":58,"date":"2019-06-19T13:56:00","date_gmt":"2019-06-19T13:56:00","guid":{"rendered":"https:\/\/nordnorge.com\/?page_id=44"},"modified":"2025-10-31T10:32:52","modified_gmt":"2025-10-31T10:32:52","slug":"about-us","status":"publish","type":"page","link":"https:\/\/nordnorge.com\/en\/about-us\/","title":{"rendered":"About us"},"content":{"rendered":"\n<h2 class=\"wp-block-heading\" id=\"h-our-purpose\">Our purpose<\/h2>\n\n\n\n<p>The purpose of Northern Norway Tourist Board is to establish and further develop Northern Norway as a sustainable year-round destination, through market development and facilitating sales of Northern Norwegian tourism products. This is to the benefit of employment, settlement and general interests in Northern Norway.<\/p>\n\n\n\n<p>We aim to contribute to a sustainable, profitable, and professional tourism business in Northern Norway and for our partners. <\/p>\n\n\n\n<figure class=\"wp-block-embed dekode-gtm-iframe-preview is-type-video is-provider-youtube wp-block-embed-youtube wp-embed-aspect-16-9 wp-has-aspect-ratio\"><div class=\"wp-block-embed__wrapper\">\n<iframe title=\"This is Northern Norway Tourist Board | NordNorsk Reiseliv\" width=\"500\" height=\"281\" data-cookieconsent=\"marketing\" data-cookieblock-src=\"https:\/\/www.youtube.com\/embed\/W9sWNiU1ysY?feature=oembed\" frameborder=\"0\" allow=\"accelerometer; autoplay; clipboard-write; encrypted-media; gyroscope; picture-in-picture; web-share\" referrerpolicy=\"strict-origin-when-cross-origin\" allowfullscreen><\/iframe>\n\t\t<div class=\"cookieconsent-optout-marketing dekode-gtm-cookie-consent-video-placeholder\">\n\t\t\t<div class=\"dekode-gtm-cookie-consent is-block-core-embed is-provider-youtube\">\n\t\t\t\t\n\t\t\t<img decoding=\"async\" src=\"https:\/\/i.ytimg.com\/vi\/W9sWNiU1ysY\/hqdefault.jpg\" alt=\"youtube\" \/>\n\t\t\t\t<div class=\"overlay\">\n\t\t\t\t\t<div class=\"cookie-info\">\n\t\t\t\t\t\t<p class=\"iframe-preview-text\">This content (film) is loaded from YouTube (third-party website), you will need to accept statistics and marketing cookies to be able to watch it.<\/p>\n\t\t\t\t\t\t<p>\n\t\t\t\t\t\t\t<a title=\"Renew consent\" class=\"dekode-gtm-cookiebot-renew\" href=\"#\">Renew consent<\/a>\n\t\t\t\t\t\t\t\n\t\t\t\t\t\t<\/p>\n\t\t\t\t\t<\/div>\n\t\t\t\t<\/div>\n\t\t\t<\/div>\n\t\t<\/div>\n<\/div><figcaption class=\"wp-element-caption\">This is Northern Norway Tourist Board. Filmproduction: Sondre K. Jensen \/ Knust Kamera.<\/figcaption><\/figure>\n\n\n\n<h2 class=\"wp-block-heading\">Our main tasks<\/h2>\n\n\n\n<ul class=\"wp-block-list\">\n<li>Representing 16 destination companies and suppliers in the region.<\/li>\n\n\n\n<li>Facilitating connections with the right suppliers and destination companies.<\/li>\n\n\n\n<li>Maintaining comprehensive information about the region, including various offers, routes, and year-round activities.<\/li>\n\n\n\n<li>Assisting in the planning of trips to and within Northern Norway.<\/li>\n\n\n\n<li>Collaborating with Visit Norway to organize FAM-Trips and\/or Press Trips.<\/li>\n<\/ul>\n\n\n\n<div class=\"wp-block-group alignwide\"><div class=\"wp-block-group__inner-container is-layout-constrained wp-block-group-is-layout-constrained\">\n<h2 class=\"wp-block-heading\" id=\"h-ownership-and-partners\">Ownership and partners<\/h2>\n\n\n\n<p>Northern Norway Tourist Board (NordNorsk Reiseliv AS) is mainly owned and financed by Nordland, Troms and Finnmark county municipalities. We also work closely with <a href=\"https:\/\/www.visitnorway.com\/places-to-go\/northern-norway\/\" target=\"_blank\" rel=\"noreferrer noopener\">Visit Norway<\/a> \/ Innovation Norway, destination companies (see our <a href=\"https:\/\/nordnorge.com\/en\/destinations-and-icons\/\" target=\"_blank\" rel=\"noreferrer noopener\">destination map<\/a>), R&amp;D institutions, tourism companies\/networks and other visitor management in our region.<\/p>\n\n\n<div class=\"wp-block-image\">\n<figure class=\"aligncenter size-full is-resized\"><img loading=\"lazy\" decoding=\"async\" width=\"1000\" height=\"299\" src=\"https:\/\/nordnorge.com\/content\/uploads\/2024\/05\/AETC_1row_black_tagline.png\" alt=\"\" class=\"wp-image-26344\" style=\"width:300px\" srcset=\"https:\/\/nordnorge.com\/content\/uploads\/2024\/05\/AETC_1row_black_tagline.png 1000w, https:\/\/nordnorge.com\/content\/uploads\/2024\/05\/AETC_1row_black_tagline-300x90.png 300w, https:\/\/nordnorge.com\/content\/uploads\/2024\/05\/AETC_1row_black_tagline-768x230.png 768w\" sizes=\"auto, (max-width: 1000px) 100vw, 1000px\" \/><\/figure><\/div>\n\n\n<p>In addition, we have extensive cooperation with our partners Swedish Lapland Visitors Board and Finnish Lapland Tourist Board, first through the projects Visit Arctic Europe (phase I and II) and now the&nbsp;<a href=\"https:\/\/visitarcticeurope.com\/\" target=\"_blank\" rel=\"noreferrer noopener\">Arctic Europe Tourism Cluster<\/a>&nbsp;(AETC). This project is financed by Interreg Aurora. Other financiers: Innovation Norway, Troms fylkeskommune, Finnmark fylkeskommune, Troms Holding, Regional Council of Lapland and Region Norrbotten.<\/p>\n\n\n<div class=\"wp-block-image\">\n<figure class=\"aligncenter size-large is-resized\"><img loading=\"lazy\" decoding=\"async\" width=\"1024\" height=\"308\" src=\"https:\/\/nordnorge.com\/content\/uploads\/2024\/05\/AURORA-Pantone-Color-1024x308.png\" alt=\"\" class=\"wp-image-26345\" style=\"width:333px\" srcset=\"https:\/\/nordnorge.com\/content\/uploads\/2024\/05\/AURORA-Pantone-Color-1024x308.png 1024w, https:\/\/nordnorge.com\/content\/uploads\/2024\/05\/AURORA-Pantone-Color-300x90.png 300w, https:\/\/nordnorge.com\/content\/uploads\/2024\/05\/AURORA-Pantone-Color-768x231.png 768w, https:\/\/nordnorge.com\/content\/uploads\/2024\/05\/AURORA-Pantone-Color-1536x462.png 1536w, https:\/\/nordnorge.com\/content\/uploads\/2024\/05\/AURORA-Pantone-Color.png 1903w\" sizes=\"auto, (max-width: 1024px) 100vw, 1024px\" \/><\/figure><\/div>\n\n\n<p>Northern Norway Tourist Board is also a <strong>member<\/strong> of some national and international organizations (click on the logos for more info):<\/p>\n\n\n<div class=\"wp-block-image\">\n<figure class=\"aligncenter size-full is-resized\"><a href=\"https:\/\/www.nhoreiseliv.no\/om-oss\/in-english\/\" target=\"_blank\" rel=\"noreferrer noopener\"><img loading=\"lazy\" decoding=\"async\" width=\"200\" height=\"63\" src=\"https:\/\/nordnorge.com\/content\/uploads\/2024\/01\/NHO-Reiseliv-logo-liten.jpg\" alt=\"\" class=\"wp-image-25522\" style=\"width:300px\"\/><\/a><\/figure><\/div>\n\n<div class=\"wp-block-image\">\n<figure class=\"aligncenter size-full is-resized\"><a href=\"https:\/\/norsk-reiseliv.no\/english\/\" target=\"_blank\" rel=\"noreferrer noopener\"><img loading=\"lazy\" decoding=\"async\" width=\"200\" height=\"87\" src=\"https:\/\/nordnorge.com\/content\/uploads\/2024\/01\/Norsk-Reiseliv-logo-liten.png\" alt=\"\" class=\"wp-image-25530\" style=\"width:300px\"\/><\/a><\/figure><\/div>\n\n<div class=\"wp-block-image\">\n<figure class=\"aligncenter size-full is-resized\"><a href=\"https:\/\/www.adventuretravel.biz\/\" target=\"_blank\" rel=\"noreferrer noopener\"><img loading=\"lazy\" decoding=\"async\" width=\"130\" height=\"200\" src=\"https:\/\/nordnorge.com\/content\/uploads\/2024\/01\/ATTA-logo-liten.png\" alt=\"\" class=\"wp-image-25524\" style=\"width:200px\"\/><\/a><\/figure><\/div>\n\n<div class=\"wp-block-image\">\n<figure class=\"aligncenter size-full is-resized\"><a href=\"https:\/\/www.etoa.org\/\" target=\"_blank\" rel=\"noreferrer noopener\"><img loading=\"lazy\" decoding=\"async\" width=\"200\" height=\"81\" src=\"https:\/\/nordnorge.com\/content\/uploads\/2024\/01\/ETOA-logo-liten.jpg\" alt=\"\" class=\"wp-image-25525\" style=\"width:300px\"\/><\/a><\/figure><\/div>\n\n<div class=\"wp-block-image\">\n<figure class=\"aligncenter size-full is-resized\"><a href=\"https:\/\/ttra.com\/\" target=\"_blank\" rel=\"noreferrer noopener\"><img loading=\"lazy\" decoding=\"async\" width=\"200\" height=\"82\" src=\"https:\/\/nordnorge.com\/content\/uploads\/2024\/01\/ttra-logo-liten.jpg\" alt=\"\" class=\"wp-image-25526\" style=\"width:300px\"\/><\/a><\/figure><\/div><\/div><\/div>\n\n\n\n<h2 class=\"wp-block-heading\" id=\"h-organization\">Organization<\/h2>\n\n\n\n<p>Northern Norway Tourist Board has offices in Alta, Troms\u00f8 and Bod\u00f8. If you need to get in contact with anyone in the company, please contact one of the following persons. <\/p>\n\n\n\n<figure class=\"wp-block-image size-large\"><img loading=\"lazy\" decoding=\"async\" width=\"1024\" height=\"576\" src=\"https:\/\/nordnorge.com\/content\/uploads\/2023\/12\/NNR-i-Vesteralen-justert-pa-nytt-16-9-1024x576.jpg\" alt=\"\" class=\"wp-image-25231\" srcset=\"https:\/\/nordnorge.com\/content\/uploads\/2023\/12\/NNR-i-Vesteralen-justert-pa-nytt-16-9-1024x576.jpg 1024w, https:\/\/nordnorge.com\/content\/uploads\/2023\/12\/NNR-i-Vesteralen-justert-pa-nytt-16-9-300x169.jpg 300w, https:\/\/nordnorge.com\/content\/uploads\/2023\/12\/NNR-i-Vesteralen-justert-pa-nytt-16-9-768x432.jpg 768w, https:\/\/nordnorge.com\/content\/uploads\/2023\/12\/NNR-i-Vesteralen-justert-pa-nytt-16-9.jpg 1280w\" sizes=\"auto, (max-width: 1024px) 100vw, 1024px\" \/><figcaption class=\"wp-element-caption\">The employees of NordNorsk Reiseliv, visiting Vester\u00e5len in Dec 2023. Photo: Ian Robins \/ Ringstad Resort<\/figcaption><\/figure>\n\n\n\n<h3 class=\"wp-block-heading\" id=\"h-alta\">Alta<\/h3>\n\n\n\n<p><strong>Jan Roger Eriksen<\/strong><br>Head of Travel Trade <br><a href=\"mailto:janroger@nordnorge.com\">janroger@nordnorge.com<\/a><br> +47 977 43&nbsp;317<\/p>\n\n\n\n<p><strong>Olga Phillippenko<\/strong><br>Travel Trade Manager<br><a href=\"mailto:olga@nordnorge.com\">olga@nordnorge.com<\/a><br> +47 477 68&nbsp;508<\/p>\n\n\n\n<p><strong>Ar\u016bn\u0117 Klior\u0117 <\/strong><br>Digital mediespesialist<br><a href=\"mailto:arune@nordnorge.com\">arune@nordnorge.com<\/a>&nbsp;<br>+47 482 40095<\/p>\n\n\n\n<h3 class=\"wp-block-heading\" id=\"h-bodo\">Bod\u00f8<\/h3>\n\n\n\n<p><strong>Siw Sandvik <br><\/strong>Head of Communication and Consumer Marketing<br><a href=\"mailto:siw@nordnorge.com\">siw@nordnorge.com<\/a><br> +47 947 93&nbsp;075<\/p>\n\n\n\n<p><strong>Roger Johansen<\/strong> <br>Project Manager<br><a href=\"mailto:roger@nordnorge.com\">roger@nordnorge.com<\/a><br> +47 918 49 075<\/p>\n\n\n\n<p><strong>Rigmor Myhre<\/strong> <br>Communication Manager B2C<br><a href=\"mailto:rigmor@nordnorge.com\">rigmor@nordnorge.com<\/a><br> +47 958 55 320<\/p>\n\n\n\n<h2 class=\"wp-block-heading\" id=\"h-tromso\">Troms\u00f8<\/h2>\n\n\n\n<p><strong>Trond \u00d8ver\u00e5s<\/strong> <br>CEO<br><a href=\"mailto:trond@nordnorge.com\">trond@nordnorge.com<\/a><br> +47 906 26&nbsp;170<\/p>\n\n\n\n<p><strong>Knut Hansvold<\/strong><br>Project Manager <br><a href=\"mailto:knut@nordnorge.com\">knut@nordnorge.com<\/a><br> +47 926 68 019<\/p>\n\n\n\n<p><strong>Marie Nystad<\/strong><br>Media Producer<br><a href=\"mailto:marie@nordnorge.com\">marie@nordnorge.com<\/a><br>+47 954 23 503<br><br><strong>Agnete Stensland<br><\/strong>Market Analyst<br><a href=\"mailto:agnete@nordnorge.com\">agnete@nordnorge.com<\/a><br>+47 922 61 436<\/p>\n\n\n\n<p><strong>Alexia Diakaki<br><\/strong>Project Manager<br><a href=\"mailto:alexia@nordnorge.com\" target=\"_blank\" rel=\"noreferrer noopener\">alexia@nordnorge.com<\/a><br>+47 936 23 711<\/p>\n","protected":false},"excerpt":{"rendered":"<p>Our purpose The purpose of Northern Norway Tourist Board is to establish and further develop Northern Norway as a sustainable year-round destination, through market development and facilitating sales of Northern Norwegian tourism products. This is to the benefit of employment, settlement and general interests in Northern Norway. We aim to contribute to a sustainable, profitable, [&hellip;]<\/p>\n","protected":false},"author":13,"featured_media":25222,"parent":0,"menu_order":0,"comment_status":"closed","ping_status":"closed","template":"","meta":{"_searchwp_excluded":"","vnn_header_layout":"hero","vnn_header_layout_image_id":25223,"vnn_header_layout_image_focal_point_x":0.5,"vnn_header_layout_image_focal_point_y":0.5,"vnn_header_layout_description":"","vnn_header_layout_url":"","vnn_header_layout_url_text":"","vnn_header_layout_photographer":"Vester\u00e5len Dec 23. Photo: Ian Robins \/ Ringstad Resort","vnn_header_layout_video_id":"","vnn_header_layout_yt_id":"","vnn_header_layout_vimeo_id":"","teft_location_geodata_lat":0,"teft_location_geodata_lng":0,"teft_cards_image_id":25222,"teft_cards_image_focal_point_x":0.52,"teft_cards_image_focal_point_y":0.5,"teft_cards_title":"","teft_cards_excerpt":"","footnotes":""},"class_list":["post-58","page","type-page","status-publish","has-post-thumbnail","hentry"],"yoast_head":"<!-- This site is optimized with the Yoast SEO Premium plugin v24.5 (Yoast SEO v25.3.1) - https:\/\/yoast.com\/wordpress\/plugins\/seo\/ -->\n<title>About us - Arctic Norway<\/title>\n<meta name=\"robots\" content=\"index, follow, max-snippet:-1, max-image-preview:large, max-video-preview:-1\" \/>\n<link rel=\"canonical\" href=\"https:\/\/nordnorge.com\/en\/about-us\/\" \/>\n<meta property=\"og:locale\" content=\"en_US\" \/>\n<meta property=\"og:type\" content=\"article\" \/>\n<meta property=\"og:title\" content=\"About us\" \/>\n<meta property=\"og:description\" content=\"Our purpose The purpose of Northern Norway Tourist Board is to establish and further develop Northern Norway as a sustainable year-round destination, through market development and facilitating sales of Northern Norwegian tourism products. This is to the benefit of employment, settlement and general interests in Northern Norway. We aim to contribute to a sustainable, profitable, [&hellip;]\" \/>\n<meta property=\"og:url\" content=\"https:\/\/nordnorge.com\/en\/about-us\/\" \/>\n<meta property=\"og:site_name\" content=\"Arctic Norway\" \/>\n<meta property=\"article:publisher\" content=\"https:\/\/www.facebook.com\/NorthernNorway\" \/>\n<meta property=\"article:modified_time\" content=\"2025-10-31T10:32:52+00:00\" \/>\n<meta property=\"og:image\" content=\"https:\/\/nordnorge.com\/content\/uploads\/2023\/12\/NNR-i-Vesteralen-justert.jpg\" \/><meta property=\"og:image\" content=\"https:\/\/nordnorge.com\/content\/uploads\/2023\/12\/NNR-i-Vesteralen-justert-16-9-1024x576.jpg\" \/>\n<meta name=\"twitter:card\" content=\"summary_large_image\" \/>\n<meta name=\"twitter:image\" content=\"https:\/\/nordnorge.com\/content\/uploads\/2023\/12\/NNR-i-Vesteralen-justert.jpg\" \/>\n<meta name=\"twitter:site\" content=\"@NorthernNorway\" \/>\n<meta name=\"twitter:label1\" content=\"Est. reading time\" \/>\n\t<meta name=\"twitter:data1\" content=\"4 minutes\" \/>\n<script type=\"application\/ld+json\" class=\"yoast-schema-graph\">{\"@context\":\"https:\/\/schema.org\",\"@graph\":[{\"@type\":\"WebPage\",\"@id\":\"https:\/\/nordnorge.com\/en\/about-us\/\",\"url\":\"https:\/\/nordnorge.com\/en\/about-us\/\",\"name\":\"About us - Arctic Norway\",\"isPartOf\":{\"@id\":\"https:\/\/nordnorge.com\/en\/#website\"},\"primaryImageOfPage\":{\"@id\":\"https:\/\/nordnorge.com\/en\/about-us\/#primaryimage\"},\"image\":{\"@id\":\"https:\/\/nordnorge.com\/en\/about-us\/#primaryimage\"},\"thumbnailUrl\":\"https:\/\/nordnorge.com\/content\/uploads\/2023\/12\/NNR-i-Vesteralen-justert.jpg\",\"datePublished\":\"2019-06-19T13:56:00+00:00\",\"dateModified\":\"2025-10-31T10:32:52+00:00\",\"breadcrumb\":{\"@id\":\"https:\/\/nordnorge.com\/en\/about-us\/#breadcrumb\"},\"inLanguage\":\"en-US\",\"potentialAction\":[{\"@type\":\"ReadAction\",\"target\":[\"https:\/\/nordnorge.com\/en\/about-us\/\"]}]},{\"@type\":\"ImageObject\",\"inLanguage\":\"en-US\",\"@id\":\"https:\/\/nordnorge.com\/en\/about-us\/#primaryimage\",\"url\":\"https:\/\/nordnorge.com\/content\/uploads\/2023\/12\/NNR-i-Vesteralen-justert.jpg\",\"contentUrl\":\"https:\/\/nordnorge.com\/content\/uploads\/2023\/12\/NNR-i-Vesteralen-justert.jpg\"},{\"@type\":\"BreadcrumbList\",\"@id\":\"https:\/\/nordnorge.com\/en\/about-us\/#breadcrumb\",\"itemListElement\":[{\"@type\":\"ListItem\",\"position\":1,\"name\":\"Home\",\"item\":\"https:\/\/nordnorge.com\/en\/\"},{\"@type\":\"ListItem\",\"position\":2,\"name\":\"About us\"}]},{\"@type\":\"WebSite\",\"@id\":\"https:\/\/nordnorge.com\/en\/#website\",\"url\":\"https:\/\/nordnorge.com\/en\/\",\"name\":\"Visit Northern Norway\",\"description\":\"Shaped by Nature. Defined by Light. Shared by Us.\",\"publisher\":{\"@id\":\"https:\/\/nordnorge.com\/en\/#organization\"},\"potentialAction\":[{\"@type\":\"SearchAction\",\"target\":{\"@type\":\"EntryPoint\",\"urlTemplate\":\"https:\/\/nordnorge.com\/en\/?s={search_term_string}\"},\"query-input\":{\"@type\":\"PropertyValueSpecification\",\"valueRequired\":true,\"valueName\":\"search_term_string\"}}],\"inLanguage\":\"en-US\"},{\"@type\":\"Organization\",\"@id\":\"https:\/\/nordnorge.com\/en\/#organization\",\"name\":\"Visit Northern Norway\",\"url\":\"https:\/\/nordnorge.com\/en\/\",\"logo\":{\"@type\":\"ImageObject\",\"inLanguage\":\"en-US\",\"@id\":\"https:\/\/nordnorge.com\/en\/#\/schema\/logo\/image\/\",\"url\":\"https:\/\/nordnorge.com\/content\/uploads\/2024\/10\/Logo_Vertikal_EN.png\",\"contentUrl\":\"https:\/\/nordnorge.com\/content\/uploads\/2024\/10\/Logo_Vertikal_EN.png\",\"width\":2482,\"height\":1754,\"caption\":\"Visit Northern Norway\"},\"image\":{\"@id\":\"https:\/\/nordnorge.com\/en\/#\/schema\/logo\/image\/\"},\"sameAs\":[\"https:\/\/www.facebook.com\/NorthernNorway\",\"https:\/\/x.com\/NorthernNorway\",\"https:\/\/www.instagram.com\/northernnorway\/\",\"https:\/\/www.linkedin.com\/company\/nordnorsk-reiseliv-as\",\"https:\/\/no.pinterest.com\/northernnorway\/\",\"https:\/\/www.youtube.com\/user\/VisitNorthernNorway\/\"]}]}<\/script>\n<!-- \/ Yoast SEO Premium plugin. -->","yoast_head_json":{"title":"About us - Arctic Norway","robots":{"index":"index","follow":"follow","max-snippet":"max-snippet:-1","max-image-preview":"max-image-preview:large","max-video-preview":"max-video-preview:-1"},"canonical":"https:\/\/nordnorge.com\/en\/about-us\/","og_locale":"en_US","og_type":"article","og_title":"About us","og_description":"Our purpose The purpose of Northern Norway Tourist Board is to establish and further develop Northern Norway as a sustainable year-round destination, through market development and facilitating sales of Northern Norwegian tourism products. This is to the benefit of employment, settlement and general interests in Northern Norway. We aim to contribute to a sustainable, profitable, [&hellip;]","og_url":"https:\/\/nordnorge.com\/en\/about-us\/","og_site_name":"Arctic Norway","article_publisher":"https:\/\/www.facebook.com\/NorthernNorway","article_modified_time":"2025-10-31T10:32:52+00:00","og_image":[{"url":"https:\/\/nordnorge.com\/content\/uploads\/2023\/12\/NNR-i-Vesteralen-justert.jpg","type":"","width":"","height":""},{"url":"https:\/\/nordnorge.com\/content\/uploads\/2023\/12\/NNR-i-Vesteralen-justert-16-9-1024x576.jpg","type":"","width":"","height":""}],"twitter_card":"summary_large_image","twitter_image":"https:\/\/nordnorge.com\/content\/uploads\/2023\/12\/NNR-i-Vesteralen-justert.jpg","twitter_site":"@NorthernNorway","twitter_misc":{"Est. reading time":"4 minutes"},"schema":{"@context":"https:\/\/schema.org","@graph":[{"@type":"WebPage","@id":"https:\/\/nordnorge.com\/en\/about-us\/","url":"https:\/\/nordnorge.com\/en\/about-us\/","name":"About us - Arctic Norway","isPartOf":{"@id":"https:\/\/nordnorge.com\/en\/#website"},"primaryImageOfPage":{"@id":"https:\/\/nordnorge.com\/en\/about-us\/#primaryimage"},"image":{"@id":"https:\/\/nordnorge.com\/en\/about-us\/#primaryimage"},"thumbnailUrl":"https:\/\/nordnorge.com\/content\/uploads\/2023\/12\/NNR-i-Vesteralen-justert.jpg","datePublished":"2019-06-19T13:56:00+00:00","dateModified":"2025-10-31T10:32:52+00:00","breadcrumb":{"@id":"https:\/\/nordnorge.com\/en\/about-us\/#breadcrumb"},"inLanguage":"en-US","potentialAction":[{"@type":"ReadAction","target":["https:\/\/nordnorge.com\/en\/about-us\/"]}]},{"@type":"ImageObject","inLanguage":"en-US","@id":"https:\/\/nordnorge.com\/en\/about-us\/#primaryimage","url":"https:\/\/nordnorge.com\/content\/uploads\/2023\/12\/NNR-i-Vesteralen-justert.jpg","contentUrl":"https:\/\/nordnorge.com\/content\/uploads\/2023\/12\/NNR-i-Vesteralen-justert.jpg"},{"@type":"BreadcrumbList","@id":"https:\/\/nordnorge.com\/en\/about-us\/#breadcrumb","itemListElement":[{"@type":"ListItem","position":1,"name":"Home","item":"https:\/\/nordnorge.com\/en\/"},{"@type":"ListItem","position":2,"name":"About us"}]},{"@type":"WebSite","@id":"https:\/\/nordnorge.com\/en\/#website","url":"https:\/\/nordnorge.com\/en\/","name":"Visit Northern Norway","description":"Shaped by Nature. Defined by Light. Shared by Us.","publisher":{"@id":"https:\/\/nordnorge.com\/en\/#organization"},"potentialAction":[{"@type":"SearchAction","target":{"@type":"EntryPoint","urlTemplate":"https:\/\/nordnorge.com\/en\/?s={search_term_string}"},"query-input":{"@type":"PropertyValueSpecification","valueRequired":true,"valueName":"search_term_string"}}],"inLanguage":"en-US"},{"@type":"Organization","@id":"https:\/\/nordnorge.com\/en\/#organization","name":"Visit Northern Norway","url":"https:\/\/nordnorge.com\/en\/","logo":{"@type":"ImageObject","inLanguage":"en-US","@id":"https:\/\/nordnorge.com\/en\/#\/schema\/logo\/image\/","url":"https:\/\/nordnorge.com\/content\/uploads\/2024\/10\/Logo_Vertikal_EN.png","contentUrl":"https:\/\/nordnorge.com\/content\/uploads\/2024\/10\/Logo_Vertikal_EN.png","width":2482,"height":1754,"caption":"Visit Northern Norway"},"image":{"@id":"https:\/\/nordnorge.com\/en\/#\/schema\/logo\/image\/"},"sameAs":["https:\/\/www.facebook.com\/NorthernNorway","https:\/\/x.com\/NorthernNorway","https:\/\/www.instagram.com\/northernnorway\/","https:\/\/www.linkedin.com\/company\/nordnorsk-reiseliv-as","https:\/\/no.pinterest.com\/northernnorway\/","https:\/\/www.youtube.com\/user\/VisitNorthernNorway\/"]}]}},"_links":{"self":[{"href":"https:\/\/nordnorge.com\/en\/wp-json\/wp\/v2\/pages\/58","targetHints":{"allow":["GET"]}}],"collection":[{"href":"https:\/\/nordnorge.com\/en\/wp-json\/wp\/v2\/pages"}],"about":[{"href":"https:\/\/nordnorge.com\/en\/wp-json\/wp\/v2\/types\/page"}],"author":[{"embeddable":true,"href":"https:\/\/nordnorge.com\/en\/wp-json\/wp\/v2\/users\/13"}],"replies":[{"embeddable":true,"href":"https:\/\/nordnorge.com\/en\/wp-json\/wp\/v2\/comments?post=58"}],"version-history":[{"count":5,"href":"https:\/\/nordnorge.com\/en\/wp-json\/wp\/v2\/pages\/58\/revisions"}],"predecessor-version":[{"id":16258,"href":"https:\/\/nordnorge.com\/en\/wp-json\/wp\/v2\/pages\/58\/revisions\/16258"}],"wp:featuredmedia":[{"embeddable":true,"href":"https:\/\/nordnorge.com\/en\/wp-json\/"}],"wp:attachment":[{"href":"https:\/\/nordnorge.com\/en\/wp-json\/wp\/v2\/media?parent=58"}],"curies":[{"name":"wp","href":"https:\/\/api.w.org\/{rel}","templated":true}]}}